{"id":6444,"date":"2014-10-17T10:58:26","date_gmt":"2014-10-17T10:58:26","guid":{"rendered":"https:\/\/prometour.eu\/homepage\/"},"modified":"2025-06-03T16:40:35","modified_gmt":"2025-06-03T14:40:35","slug":"homepage","status":"publish","type":"page","link":"https:\/\/prometour.eu\/fr\/","title":{"rendered":"Accueil"},"content":{"rendered":"<div class=\"one withsmallpadding fullwidth \" >\n<div class=\"page_content_wrapper\">\n<p><center><\/p>\n<h1 class=\"ppb_title\" style=\"font-size:40px; font-weight: 800;\">LANGUAGE LEARNING BEYOND THE CLASSROOM<\/h1>\n<p><\/center><br \/>\n<center><\/p>\n<div class=\"page_caption_desc\" style=\"font-size:20px; font-weight: 800;\">\u00abApprendre au-del\u00e0 de la classe\u00bb\n<\/div>\n<p><\/center><\/p>\n<\/div>\n<\/div>\n<div class=\"one withsmallpadding fullwidth \" style=\"padding-bottom: 5px;\" >\n<div class=\"page_content_wrapper\">\n<div class=\"ppb_tour one\">\n<div class=\"page_content_wrapper full_width\" style=\"text-align: center;\">\n<h2 class=\"ppb_title\">Nos programmes<\/h2>\n<div class=\"page_caption_desc\">Choisissez le programme qui vous ressemble<\/div>\n<div class=\"portfolio_filter_wrapper three_cols fullwidth shortcode gallery section content clearfix\">\n<div class=\"element portfolio3filter_wrapper\">\n<div class=\"one_third gallery3 filterable gallery_type animated3\">\n                    <a href=\"https:\/\/prometour.eu\/fr\/immersions-linguistiques\/\" title=\"Immersions linguistiques\"><img decoding=\"async\" src=\"https:\/\/prometour.eu\/wp-content\/uploads\/2019\/09\/column3-1.jpg\" alt=\"Immersions linguistiques\" \/><\/a><\/p>\n<div class=\"thumb_content fullwidth \">\n<div class=\"thumb_title\">\n<h3>Immersions linguistiques<\/h3>\n<\/div>\n<div class=\"thumb_meta\"><\/div>\n<\/div>\n<\/div>\n<\/div>\n<div class=\"element portfolio3filter_wrapper\">\n<div class=\"one_third gallery3 filterable gallery_type animated2\">\n                    <a href=\"https:\/\/prometour.eu\/fr\/echanges-scolaires\/\" title=\"\u00c9changes scolaires\"><img decoding=\"async\" src=\"https:\/\/prometour.eu\/wp-content\/uploads\/2019\/09\/column2-2.jpg\" alt=\"\u00c9changes scolaires\" \/><\/a><\/p>\n<div class=\"thumb_content fullwidth \">\n<div class=\"thumb_title\">\n<h3>\u00c9changes scolaires<\/h3>\n<\/div>\n<div class=\"thumb_meta\"><\/div>\n<\/div>\n<\/div>\n<\/div>\n<div class=\"element portfolio3filter_wrapper\">\n<div class=\"one_third gallery3 filterable gallery_type animated1\">\n                    <a href=\"https:\/\/prometour.eu\/fr\/programmes-culturels\/\" title=\"Programmes culturels\"><img decoding=\"async\" src=\"https:\/\/prometour.eu\/wp-content\/uploads\/2019\/09\/column1-1.jpg\" alt=\"Programmes culturels\" \/><\/a><\/p>\n<div class=\"thumb_content fullwidth \">\n<div class=\"thumb_title\">\n<h3>Programmes culturels<\/h3>\n<\/div>\n<div class=\"thumb_meta\"><\/div>\n<\/div>\n<\/div>\n<\/div>\n<div class=\"element portfolio3filter_wrapper\">\n<div class=\"one_third gallery3 filterable gallery_type animated1\">\n                    <a href=\"https:\/\/prometour.eu\/fr\/connecting-classrooms\/\" title=\"Connecting Classrooms\"><img decoding=\"async\" src=\"https:\/\/prometour.eu\/wp-content\/uploads\/2025\/04\/f46d2845-64d3-da0c-76e5-100c13d0d030-3.jpg\" alt=\"Connecting Classrooms\" \/><\/a><\/p>\n<div class=\"thumb_content fullwidth \">\n<div class=\"thumb_title\">\n<h3>Connecting Classrooms<\/h3>\n<\/div>\n<div class=\"thumb_meta\"><\/div>\n<\/div>\n<\/div>\n<\/div>\n<\/div>\n<\/div>\n<\/div>\n<\/div>\n<\/div>\n<div class=\"one withsmallpadding \" style=\"background-color: #254f85; color: #FFF; text-align: justify;\" >\n<div class=\"page_content_wrapper\">\n<div style=\"text-align:center\">\n<h2 class=\"ppb_title\"><span style='color: #FFF; '>CONNECTING CLASSROOMS<\/span><\/h2>\n<div class=\"page_caption_desc\"><\/div>\n<\/div>\n<div style=\"text-align: center;\">\n<span style=\"font-weight: 700; font-size: larger;\">Prom\u00e9tour propose aux \u00e9tablissements scolaires francophones, un <a href=\"https:\/\/prometour.eu\/fr\/connecting-classrooms\/\" target=\"_blank\" style=\"color:#ffffff; text-decoration: underline;\" rel=\"noopener\">programme d&#8217;\u00e9change virtuel gratuit<\/a>, en collaboration avec son r\u00e9seau d&#8217;\u00e9coles partenaires aux Etats-Unis.<br \/>\nLes \u00e9l\u00e8ves auront l&#8217;opportunit\u00e9 de d\u00e9couvrir une nouvelle culture, de mettre en pratique leurs connaissances en anglais et d&#8217;\u00eatre en contact avec des \u00e9l\u00e8ves am\u00e9ricains. <\/br><br \/>\nPr\u00eats \u00e0 vous lancer dans l&#8217;aventure ? Compl\u00e9tez ce formulaire et nous vous contacterons.<\/br><\/p>\n<div class=\"btn_connecting\">\n<h5 style=\"margin-top: -5px;\"><a href=\"https:\/\/app.connectingclassrooms.com\/form-virtual-exchange\" style=\"color:#ffffff;\">JE SOUHAITE PARTICIPER \u00c0 UN \u00c9CHANGE VIRTUEL!<\/a><\/h5>\n<\/div>\n<\/div>\n<\/div>\n<div class=\"divider one\">&nbsp;<\/div>\n<div class=\"one withsmallpadding parallax\" style=\"background-color: #ffffff !important; color: #254f85; text-align: justify;\"  data-image=\"\" data-width=\"\" data-height=\"\">\n<div class=\"page_content_wrapper\" style=\"text-align:center\">\n<h2 class=\"ppb_title\">RETOURS DE PROFESSEURS<\/h2>\n<p><\/p>\n<div class=\"testimonial_slider_wrapper\">\n<div class=\"flexslider\" data-height=\"750\">\n<ul class=\"slides\">\n<li>\n<div class=\"testimonial_slider_wrapper\">Tr\u00e8s bien en tout point. Soucieuse de notre confort sur place, excellent choix<br \/>\nde restaurants notamment. Nous a bien conseill\u00e9s dans les activit\u00e9s et les visites propos\u00e9es. Tr\u00e8s \u00e0 l&#8217;\u00e9coute de nos demandes et r\u00e9active.<\/p>\n<div class=\"testimonial_slider_meta\">\n<h6>La Providence Nicolas Barr\u00e9<\/h6>\n<div class=\"testimonial_slider_meta_position\">&#8211; Enseignante accompagnatrice<\/div>\n<\/div>\n<\/div>\n<\/li>\n<li>\n<div class=\"testimonial_slider_wrapper\">Une belle rencontre avec une guide exceptionnelle et tr\u00e8s sympathique. Connaissance approfondie de la ville. Un grand sens d&#8217;adaptation avec les jeunes. Nous souhaiterions la retrouver lors d&#8217;un \u00e9ventuel \u00e9change \u00e0 Seattle l&#8217;an prochain.<\/p>\n<div class=\"testimonial_slider_meta\">\n<h6>Lyc\u00e9e Blanche de Castille <\/h6>\n<div class=\"testimonial_slider_meta_position\">&#8211; Enseignante accompagnatrice<\/div>\n<\/div>\n<\/div>\n<\/li>\n<li>\n<div class=\"testimonial_slider_wrapper\">Nous travaillons en totale confiance avec Prometour depuis plusieurs ann\u00e9es. Cyrielle et Ani sont tr\u00e8s professionnelles, \u00e0 notre \u00e9coute, et prennent en compte toutes nos demandes. Nous savons que nous sommes bien accompagn\u00e9s et voyageons en s\u00e9curit\u00e9. Merci!<\/p>\n<div class=\"testimonial_slider_meta\">\n<h6>Lyc\u00e9e Notre Dame de Bellegarde<\/h6>\n<div class=\"testimonial_slider_meta_position\">&#8211; Enseignante accompagnatrice<\/div>\n<\/div>\n<\/div>\n<\/li>\n<li>\n<div class=\"testimonial_slider_wrapper\"><span class=\"TextRun  BCX8 SCXW200068126\" lang=\"FR-FR\" xml:lang=\"FR-FR\" data-contrast=\"auto\"><span class=\"NormalTextRun  BCX8 SCXW200068126\">Excellente guide, toujours soucieuse d&#8217;apporter un maximum d&#8217;informations et de r\u00e9pondre \u00e0 toutes les demandes. Excellente aussi dans les mus\u00e9es ! Tr\u00e8s bon contact avec les jeunes et les accompagnateurs ! Nous la redemanderons dans deux ans, pour notre troisi\u00e8me \u00e9change !<\/span><\/span><\/p>\n<div class=\"testimonial_slider_meta\">\n<h6>Lyc\u00e9e Jeanne d\u2019Arc de Figeac<\/h6>\n<div class=\"testimonial_slider_meta_position\">&#8211; Enseignante accompagnatrice<\/div>\n<\/div>\n<\/div>\n<\/li>\n<\/ul>\n<\/div>\n<\/div>\n<\/div>\n<\/div>\n<div class=\"one withsmallpadding withbg parallax \"style=\"body\"  data-image=\"https:\/\/prometour.eu\/wp-content\/uploads\/2014\/10\/paris-city-high-definition-wallpapers-cool-desktop-widescreen-images.jpg\" data-width=\"1600\" data-height=\"1000\">\n<div class=\"page_content_wrapper\" style=\"text-align:center\">\n<h2 class=\"ppb_title\">POURQUOI PROMETOUR ?<\/h2>\n<div style=\"height:20px\"><\/div>\n<p><\/p>\n<div class=\"service_content_wrapper \">\n<div class=\"one_third \">\n<div class=\"service_wrapper\">\n<div class=\"service_icon\"><i class=\"fa fa-thumbs-up\"><\/i><\/div>\n<div class=\"service_title\">\n<h3>Expertise<\/h3>\n<div class=\"service_content\">Prometour cr\u00e9e des exp\u00e9riences p\u00e9dagogiques depuis plus de 20 ans. Nous veillons \u00e0 ce que vous vous sentiez accompagn\u00e9s tout au long du s\u00e9jour. En cas d&#8217;impr\u00e9vu, nous proposons \u00e9galement une assurance compl\u00e8te. <\/br><\/p>\n<p><a href=\"https:\/\/prometour.eu\/fr\/qui-sommes-nous\/\" target=\"_blank\" rel=\"noopener noreferrer\">En savoir plus<\/a><\/div>\n<\/div>\n<\/div>\n<\/div>\n<div class=\"one_third \">\n<div class=\"service_wrapper\">\n<div class=\"service_icon\"><i class=\"fa fa-user-circle\"><\/i><\/div>\n<div class=\"service_title\">\n<h3>Authenticit\u00e9<\/h3>\n<div class=\"service_content\">Parler une langue c&#8217;est en comprendre la culture, c&#8217;est pourquoi nous avons \u00e0 coeur de vous faire d\u00e9couvrir votre destination de la fa\u00e7on la plus authentique possible. Pour cela nous travaillons avec des guides natifs et proposons des visites originales.<\/br><br \/>\n<a href=\"https:\/\/prometour.eu\/fr\/qui-sommes-nous\/\" target=\"_blank\" rel=\"noopener noreferrer\">En savoir plus<\/a><\/div>\n<\/div>\n<\/div>\n<\/div>\n<div class=\"one_third last\">\n<div class=\"service_wrapper\">\n<div class=\"service_icon\"><i class=\"fa fa-globe\"><\/i><\/div>\n<div class=\"service_title\">\n<h3>Flexibilit\u00e9<\/h3>\n<div class=\"service_content\">Nous nous adaptons \u00e0 nos clients. Les voyages sont \u00e9labor\u00e9s sur mesure et en collaboration avec les professeurs pour que l\u2019itin\u00e9raire soit en accord avec le programme suivi, les dates choisies et le budget de l\u2019\u00e9tablissement.<\/br><\/p>\n<p><a href=\"https:\/\/prometour.eu\/fr\/qui-sommes-nous\/\" target=\"_blank\" rel=\"noopener noreferrer\">En savoir plus<\/a><\/div>\n<\/div>\n<\/div>\n<\/div>\n<p><br class=\"clear\"\/><\/div>\n<p><br class=\"clear\"\/><\/div>\n<\/div>\n","protected":false},"excerpt":{"rendered":"<p>LANGUAGE LEARNING BEYOND THE CLASSROOM \u00abApprendre au-del\u00e0 de la classe\u00bb Nos programmes Choisissez le programme qui vous ressemble Immersions linguistiques \u00c9changes scolaires Programmes culturels Connecting Classrooms CONNECTING CLASSROOMS Prom\u00e9tour propose aux \u00e9tablissements scolaires francophones, un programme d&#8217;\u00e9change virtuel gratuit, en collaboration avec son r\u00e9seau d&#8217;\u00e9coles partenaires [&hellip;]<\/p>\n","protected":false},"author":1,"featured_media":0,"parent":0,"menu_order":0,"comment_status":"open","ping_status":"open","template":"","meta":{"footnotes":""},"class_list":["post-6444","page","type-page","status-publish","hentry"],"_links":{"self":[{"href":"https:\/\/prometour.eu\/fr\/wp-json\/wp\/v2\/pages\/6444","targetHints":{"allow":["GET"]}}],"collection":[{"href":"https:\/\/prometour.eu\/fr\/wp-json\/wp\/v2\/pages"}],"about":[{"href":"https:\/\/prometour.eu\/fr\/wp-json\/wp\/v2\/types\/page"}],"author":[{"embeddable":true,"href":"https:\/\/prometour.eu\/fr\/wp-json\/wp\/v2\/users\/1"}],"replies":[{"embeddable":true,"href":"https:\/\/prometour.eu\/fr\/wp-json\/wp\/v2\/comments?post=6444"}],"version-history":[{"count":41,"href":"https:\/\/prometour.eu\/fr\/wp-json\/wp\/v2\/pages\/6444\/revisions"}],"predecessor-version":[{"id":7867,"href":"https:\/\/prometour.eu\/fr\/wp-json\/wp\/v2\/pages\/6444\/revisions\/7867"}],"wp:attachment":[{"href":"https:\/\/prometour.eu\/fr\/wp-json\/wp\/v2\/media?parent=6444"}],"curies":[{"name":"wp","href":"https:\/\/api.w.org\/{rel}","templated":true}]}}