{"id":6458,"date":"2021-05-04T16:12:42","date_gmt":"2021-05-04T14:12:42","guid":{"rendered":"https:\/\/prometour.eu\/connecting-classrooms\/"},"modified":"2025-04-16T10:36:37","modified_gmt":"2025-04-16T08:36:37","slug":"connecting-classrooms","status":"publish","type":"page","link":"https:\/\/prometour.eu\/fr\/connecting-classrooms\/","title":{"rendered":"Connecting Classrooms"},"content":{"rendered":"<div class=\"wpb-content-wrapper\"><p>[vc_row][vc_column][vc_column_text]<\/p>\n<h1 class=\"ppb_title\" style=\"font-size: 40px; font-weight: 800; text-align: center;\">Connecting Classrooms<\/h1>\n<div class=\"page_caption_desc\" style=\"font-size: 20px; font-weight: 800; text-align: center;\">\n<p>Apprentissage interculturel \u00e0 travers des \u00e9changes virtuels<\/p>\n<\/div>\n<div><\/div>\n<div><\/div>\n<p>[\/vc_column_text][\/vc_column][\/vc_row][vc_row][vc_column][vc_column_text css=&#8221;&#8221;]<\/p>\n<div class=\"btn_tour\">\n<h5 style=\"margin-top: -5px;\"><a style=\"color: #ffffff;\" href=\"https:\/\/app.connectingclassrooms.com\/form-virtual-exchange\">REMPLIR LE FORMULAIRE<\/a><\/h5>\n<\/div>\n<p>[\/vc_column_text][vc_empty_space][vc_column_text css=&#8221;&#8221;]<\/p>\n<div style=\"text-align: center;\">\n<p>Connecting Classrooms est un <strong>programme totalement gratuit<\/strong> visant \u00e0 mettre en relation des classes de coll\u00e8ges et lyc\u00e9es de France et des \u00c9tats-Unis \u00e0 travers des <strong>\u00e9changes virtuels<\/strong>.<\/p>\n<p><i><\/i>Vos \u00e9l\u00e8ves cr\u00e9ent et partagent des vid\u00e9os avec leurs camarades de l\u2019\u00e9cole partenaire sur des th\u00e8mes tels que la vie quotidienne, le syst\u00e8me \u00e9ducatif ou la culture locale favorisant ainsi la <strong>compr\u00e9hension interculturelle<\/strong> et l\u2019<strong>apprentissage de l\u2019anglais<\/strong>.<\/p>\n<\/div>\n<p>[\/vc_column_text][vc_empty_space height=&#8221;15px&#8221;][vc_column_text css=&#8221;&#8221;]<\/p>\n<div style=\"text-align: center;\">\n<h1><strong>UN OUTIL D\u2019APPRENTISSAGE UTILE ET GRATUIT<\/strong><\/h1>\n<\/div>\n<p>[\/vc_column_text][\/vc_column][\/vc_row][vc_row][vc_column width=&#8221;1\/2&#8243;][vc_video link=&#8221;https:\/\/www.youtube.com\/watch?v=QhtPUKHokOs&#8221; css=&#8221;&#8221;][\/vc_column][vc_column width=&#8221;1\/2&#8243;][vc_empty_space][vc_column_text css=&#8221;&#8221;]Les \u00e9l\u00e8ves auront l\u2019opportunit\u00e9 de :<\/p>\n<p><i class=\"fa fa-check\"><\/i>\u00a0Partager leur culture.<\/p>\n<p><i class=\"fa fa-check\"><\/i>\u00a0Am\u00e9liorer leur compr\u00e9hension et expression orale en anglais.<\/p>\n<p><i class=\"fa fa-check\"><\/i>\u00a0Interagir avec des \u00e9tudiants d\u2019autres pays.<\/p>\n<p><i class=\"fa fa-check\"><\/i>\u00a0Apprendre par des m\u00e9thodes alternatives.[\/vc_column_text][\/vc_column][\/vc_row][vc_row][vc_column][vc_empty_space height=&#8221;15px&#8221;][vc_column_text css=&#8221;&#8221;]<\/p>\n<div class=\"btn_tour\">\n<h5 style=\"margin-top: -5px;\"><a style=\"color: #ffffff;\" href=\"https:\/\/prometour.eu\/wp-content\/uploads\/2021\/10\/connecting-classrooms-guide-professeurs.pdf\" target=\"_blank\" rel=\"noopener\">R\u00c9SUM\u00c9 GUIDE PROFESSEURS<\/a><\/h5>\n<\/div>\n<p>[\/vc_column_text][vc_empty_space height=&#8221;15px&#8221;][\/vc_column][\/vc_row][vc_row full_width=&#8221;stretch_row&#8221; css=&#8221;.vc_custom_1620138345642{background-color: #1f224b !important;}&#8221;][vc_column][vc_column_text css=&#8221;&#8221;]<\/p>\n<h1 class=\"ppb_title\" style=\"font-size: 25px; font-weight: 800; text-align: center; color: #ffffff;\"><span style=\"color: #ffffff;\">R\u00c9ALISE ET PARTAGE DES VID\u00c9OS POUR TON PARTENAIRE D\u2019\u00c9CHANGE VIRTUEL<\/span><\/h1>\n<p>[\/vc_column_text][\/vc_column][\/vc_row][vc_row][vc_column width=&#8221;1\/2&#8243;][vc_column_text css=&#8221;&#8221;]<\/p>\n<h3><a href=\"https:\/\/prometour.eu\/fr\/connecting-classrooms-activite-une\/\" target=\"_blank\" rel=\"noopener noreferrer\"><strong>ACTIVIT\u00c9 1 \u2013 PR\u00c9SENTATION DES \u00c9L\u00c8VES<\/strong><\/a><\/h3>\n<p><span class=\"NormalTextRun BCX8 SCXW73917702\">Les \u00e9l\u00e8ves r\u00e9aliseront une vid\u00e9o dans la<\/span><span class=\"NormalTextRun BCX8 SCXW73917702\">q<\/span><span class=\"NormalTextRun BCX8 SCXW73917702\">uelle ils se pr\u00e9senteront. Ils expliqueront o\u00f9 ils vivent, comment ils s\u2019appellent et ils\u00a0<\/span><span class=\"NormalTextRun BCX8 SCXW73917702\">donneront<\/span><span class=\"NormalTextRun BCX8 SCXW73917702\">\u00a0des informations sur leur<\/span><span class=\"NormalTextRun BCX8 SCXW73917702\">s<\/span><span class=\"NormalTextRun BCX8 SCXW73917702\">\u00a0famille<\/span><span class=\"NormalTextRun BCX8 SCXW73917702\">s<\/span><span class=\"NormalTextRun BCX8 SCXW73917702\">, leurs animaux de compagnie et leurs hobbies.<\/span><\/p>\n<p><a href=\"https:\/\/prometour.eu\/fr\/connecting-classrooms-activite-une\/\" target=\"_blank\" rel=\"noopener noreferrer\">Voir le guide d\u2019activit\u00e9 1<\/a>[\/vc_column_text][\/vc_column][vc_column width=&#8221;1\/2&#8243;][vc_single_image image=&#8221;6195&#8243; img_size=&#8221;450&#215;315&#8243; alignment=&#8221;center&#8221; onclick=&#8221;custom_link&#8221; link=&#8221;https:\/\/prometour.eu\/connecting-classrooms-actividad-dos\/&#8221;][\/vc_column][\/vc_row][vc_row][vc_column width=&#8221;1\/2&#8243;][vc_single_image image=&#8221;6193&#8243; img_size=&#8221;450&#215;315&#8243; alignment=&#8221;center&#8221; onclick=&#8221;custom_link&#8221; link=&#8221;https:\/\/prometour.eu\/connecting-classrooms-actividad-uno\/&#8221;][\/vc_column][vc_column width=&#8221;1\/2&#8243;][vc_column_text css=&#8221;&#8221;]<\/p>\n<h3><a href=\"https:\/\/prometour.eu\/fr\/connecting-classrooms-activite-deux\/\" target=\"_blank\" rel=\"noopener noreferrer\"><strong>ACTIVIT\u00c9 2 \u2013 VIE QUOTIDIENNE \u00c0 L\u2019\u00c9COLE <\/strong><\/a><\/h3>\n<p>Dans cette vid\u00e9o, les \u00e9l\u00e8ves parleront de leur journ\u00e9e \u00e0 l\u2019\u00e9cole: l\u2019heure \u00e0 laquelle ils se l\u00e8vent, les horaires des repas, les activit\u00e9s extrascolaires&#8230; Ils pourront aussi expliquer comment fonctionne le syst\u00e8me scolaire dans leur \u00e9cole ou pays.<\/p>\n<p><a href=\"https:\/\/prometour.eu\/fr\/connecting-classrooms-activite-deux\/\" target=\"_blank\" rel=\"noopener noreferrer\">Voir guide d\u2019activit\u00e9 2 <\/a>[\/vc_column_text][\/vc_column][\/vc_row][vc_row][vc_column width=&#8221;1\/2&#8243;][vc_column_text css=&#8221;&#8221;]<\/p>\n<h3><strong><a href=\"https:\/\/prometour.eu\/fr\/connecting-classrooms-activite-trois\/\" target=\"_blank\" rel=\"noopener noreferrer\">ACTIVIT\u00c9 3 \u2013 TOUR DE LA VILLE ET CULTURE R\u00c9GIONALE<\/a><\/strong><\/h3>\n<p>Avec cette activit\u00e9, les \u00e9l\u00e8ves auront l&#8217;occasion de faire d\u00e9couvrir leur ville ou pays. Ils parleront de th\u00e8mes comme la gastronomie, les lieux \u00e0 visiter\u2026<\/p>\n<p><a href=\"https:\/\/prometour.eu\/fr\/connecting-classrooms-activite-trois\/\" target=\"_blank\" rel=\"noopener noreferrer\">Voir le guide d\u2019activit\u00e9 3<\/a>[\/vc_column_text][\/vc_column][vc_column width=&#8221;1\/2&#8243;][vc_single_image image=&#8221;6197&#8243; img_size=&#8221;450&#215;315&#8243; alignment=&#8221;center&#8221; onclick=&#8221;custom_link&#8221; link=&#8221;https:\/\/prometour.eu\/connecting-classrooms-actividad-tres\/&#8221;][\/vc_column][\/vc_row][vc_row][vc_column width=&#8221;1\/2&#8243;][vc_single_image image=&#8221;6191&#8243; img_size=&#8221;450&#215;315&#8243; alignment=&#8221;center&#8221;][\/vc_column][vc_column width=&#8221;1\/2&#8243;][vc_column_text css=&#8221;&#8221;]<\/p>\n<h3><strong>ACTIVIT\u00c9S SUPPL\u00c9MENTAIRES<\/strong><\/h3>\n<p>S&#8217;ils le souhaitent, les \u00e9l\u00e8ves pourront aussi choisir entre diff\u00e9rentes activit\u00e9s optionelles selon les th\u00e8mes qui les int\u00e9ressent: la musique, le sport, l&#8217;\u00e9cologie&#8230;[\/vc_column_text][\/vc_column][\/vc_row][vc_row][vc_column][vc_column_text css=&#8221;&#8221;]<\/p>\n<h2 style=\"color: #fff;\">Commencez votre \u00e9change virtuel.<\/h2>\n<p>&nbsp;<\/p>\n<p><center><span style=\"font-weight: bold; font-size: larger;\">Connecting Classrooms est un programme GRATUIT<br \/>\nPr\u00eats pour commencer votre \u00e9change ? Compl\u00e9tez ce formulaire et nous vous contacterons.<br \/>\n<\/span><\/center>&nbsp;<\/p>\n<p>&nbsp;<\/p>\n<div class=\"btn_tour\">\n<h5 style=\"margin-top: -5px;\"><a style=\"color: #ffffff;\" href=\"https:\/\/app.connectingclassrooms.com\/form-virtual-exchange\">REMPLIR LE FORMULAIRE<\/a><\/h5>\n<\/div>\n<p>[\/vc_column_text][vc_single_image image=&#8221;6694&#8243; img_size=&#8221;full&#8221; alignment=&#8221;center&#8221; onclick=&#8221;img_link_large&#8221; img_link_target=&#8221;_blank&#8221;][\/vc_column][\/vc_row][vc_row full_width=&#8221;stretch_row&#8221; content_placement=&#8221;middle&#8221; css=&#8221;.vc_custom_1620204404235{background-color: #e2e2e2 !important;background-position: center !important;background-repeat: no-repeat !important;background-size: cover !important;}&#8221;][vc_column][vc_column_text]<\/p>\n<h1 style=\"text-align: center;\">FAQS<\/h1>\n<p>[\/vc_column_text][vc_toggle title=&#8221;Comment les \u00e9l\u00e8ves soumettent-ils leurs vid\u00e9os?&#8221;]Vos \u00e9l\u00e8ves peuvent t\u00e9l\u00e9charger les vid\u00e9os sur la plate-forme Connecting CLassrooms en utilisant le lien figurant dans l&#8217;activit\u00e9. Pour plus d&#8217;informations, voir les instructions <strong><a href=\"https:\/\/prometour.eu\/wp-content\/uploads\/2023\/01\/Connecting-Classrooms-Instructions-Plateforme.pdf\" target=\"_blank\" rel=\"noopener\">sur ce lien<\/a><\/strong>.[\/vc_toggle][vc_toggle title=&#8221;Quelle langue est parl\u00e9e dans les vid\u00e9os ?&#8221;]Les enseignants des deux \u00e9coles d\u00e9cideront de la langue utilis\u00e9e pour chaque activit\u00e9.[\/vc_toggle][vc_toggle title=&#8221;Les \u00e9l\u00e8ves r\u00e9alisent-ils les vid\u00e9os individuellement ou en groupe\u202f? Combien d\u2019\u00e9l\u00e8ves peuvent participer dans chaque groupe ?&#8221;]<span class=\"TextRun SCXW5927719 BCX8\" lang=\"FR-FR\" xml:lang=\"FR-FR\" data-contrast=\"auto\"><span class=\"NormalTextRun SCXW5927719 BCX8\">Les vid\u00e9os peuvent \u00eatre r\u00e9alis\u00e9es individuellement ou en groupe et le nombre de participants n\u2019est pas limit\u00e9. Nous recommandons aux enseignants des deux \u00e9coles de d\u00e9cider du nombre de vid\u00e9os que chaque groupe cr\u00e9era afin de s\u2019assurer que le nombre de vid\u00e9os soit le m\u00eame pour chaque classe.<\/span><\/span><span class=\"EOP SCXW5927719 BCX8\" data-ccp-props=\"{&quot;134233279&quot;:true,&quot;201341983&quot;:0,&quot;335551550&quot;:6,&quot;335551620&quot;:6,&quot;335559685&quot;:720,&quot;335559739&quot;:160,&quot;335559740&quot;:259}\">\u00a0<\/span>[\/vc_toggle][vc_toggle title=&#8221;Quelle doit \u00eatre la longueur de la vid\u00e9o et que doit-elle inclure?&#8221;]Nous recommandons que les vid\u00e9os aient une dur\u00e9e de 2 \u00e0 4 minutes et qu&#8217;elles s&#8217;adressent \u00e0 des \u00e9l\u00e8ves de coll\u00e8ge ou de lyc\u00e9e \u00e9tudiant le fran\u00e7ais.<br \/>\nLe format de la vid\u00e9o doit inclure les \u00e9l\u00e9ments suivants :<br \/>\n<strong>Introduction<\/strong>:<\/p>\n<ul>\n<li>Pr\u00e9sentation du ou des \u00e9l\u00e8ves faisant partie du groupe (seulement les pr\u00e9noms).<\/li>\n<li>Expliquez le but de la vid\u00e9o. Par exemple, &#8220;aujourd&#8217;hui nous allons vous parler de&#8230;&#8221;.<\/li>\n<li>Explication du th\u00e8me de la vid\u00e9o.<\/li>\n<li>Conclusion : questions \u00e9ventuelles pour les \u00e9l\u00e8ves de l\u2019autre classe.<\/li>\n<\/ul>\n<p>[\/vc_toggle][vc_toggle title=&#8221;Quels sont les points \u00e0 voir avec le professeur de l\u2019autre classe avant de commencer\u202f?&#8221;]<span class=\"TextRun SCXW122841182 BCX8\" lang=\"FR-FR\" xml:lang=\"FR-FR\" data-contrast=\"auto\"><span class=\"NormalTextRun SCXW122841182 BCX8\">Lorsque vous recevez les coordonn\u00e9es de<\/span><span class=\"NormalTextRun SCXW122841182 BCX8\">\u00a0l\u2019enseignant, nous vous encourageons \u00e0 vous mettre en contact avec lui<\/span><span class=\"NormalTextRun SCXW122841182 BCX8\">\u00a0(id\u00e9alement par appel vid\u00e9o) afin de convenir des points suivants<\/span><span class=\"NormalTextRun SCXW122841182 BCX8\">\u202f:\u00a0<\/span><\/span><span class=\"EOP SCXW122841182 BCX8\" data-ccp-props=\"{&quot;134233279&quot;:true,&quot;201341983&quot;:0,&quot;335551550&quot;:6,&quot;335551620&quot;:6,&quot;335559685&quot;:720,&quot;335559739&quot;:160,&quot;335559740&quot;:259}\">\u00a0<\/span><\/p>\n<ul>\n<li><span class=\"TextRun SCXW111920435 BCX8\" lang=\"FR-FR\" xml:lang=\"FR-FR\" data-contrast=\"auto\"><span class=\"NormalTextRun SCXW111920435 BCX8\">Quand et comment\u00a0<\/span><span class=\"NormalTextRun SCXW111920435 BCX8\">allez-vous\u00a0<\/span><span class=\"NormalTextRun SCXW111920435 BCX8\">partager les vid\u00e9os\u00a0<\/span><span class=\"NormalTextRun SCXW111920435 BCX8\">de la premi\u00e8re activit\u00e9<\/span><span class=\"NormalTextRun SCXW111920435 BCX8\">\u202f?<\/span><\/span><span class=\"EOP SCXW111920435 BCX8\" data-ccp-props=\"{&quot;134233279&quot;:true,&quot;201341983&quot;:0,&quot;335551550&quot;:6,&quot;335551620&quot;:6,&quot;335559685&quot;:720,&quot;335559739&quot;:160,&quot;335559740&quot;:259}\">\u00a0<\/span><\/li>\n<li><span class=\"TextRun SCXW247574120 BCX8\" lang=\"FR-FR\" xml:lang=\"FR-FR\" data-contrast=\"auto\"><span class=\"NormalTextRun SCXW247574120 BCX8\">Dans quelle langue<\/span><span class=\"NormalTextRun SCXW247574120 BCX8\">\u00a0sera r\u00e9alis\u00e9e la premi\u00e8re activit\u00e9\u202f?\u00a0<\/span><\/span><span class=\"EOP SCXW247574120 BCX8\" data-ccp-props=\"{&quot;134233279&quot;:true,&quot;201341983&quot;:0,&quot;335551550&quot;:6,&quot;335551620&quot;:6,&quot;335559685&quot;:720,&quot;335559739&quot;:160,&quot;335559740&quot;:259}\">\u00a0<\/span><\/li>\n<li><span class=\"TextRun SCXW51486809 BCX8\" lang=\"FR-FR\" xml:lang=\"FR-FR\" data-contrast=\"auto\"><span class=\"NormalTextRun SCXW51486809 BCX8\">Combien de vid\u00e9os enverrez-vous pour la premi\u00e8re activit\u00e9\u202f?\u00a0<\/span><\/span><span class=\"EOP SCXW51486809 BCX8\" data-ccp-props=\"{&quot;134233279&quot;:true,&quot;201341983&quot;:0,&quot;335551550&quot;:6,&quot;335551620&quot;:6,&quot;335559685&quot;:720,&quot;335559739&quot;:160,&quot;335559740&quot;:259}\">\u00a0<\/span><\/li>\n<li><span class=\"TextRun SCXW9929570 BCX8\" lang=\"FR-FR\" xml:lang=\"FR-FR\" data-contrast=\"auto\"><span class=\"NormalTextRun SCXW9929570 BCX8\">Quand r\u00e9pondrez-vous aux questions pos\u00e9es par les \u00e9l\u00e8ves dans les vid\u00e9os ?<\/span><\/span><span class=\"EOP SCXW9929570 BCX8\" data-ccp-props=\"{&quot;134233279&quot;:true,&quot;201341983&quot;:0,&quot;335551550&quot;:6,&quot;335551620&quot;:6,&quot;335559685&quot;:720,&quot;335559739&quot;:160,&quot;335559740&quot;:259}\">\u00a0<\/span><\/li>\n<\/ul>\n<p>[\/vc_toggle][vc_toggle title=&#8221;Que se passe-t-il si un \u00e9l\u00e8ve ne veut pas participer \u00e0 l&#8217;\u00e9change vid\u00e9o?&#8221;]Si un \u00e9l\u00e8ve ne peut pas participer ou ne pr\u00e9f\u00e8re pas cr\u00e9er une vid\u00e9o, il peut partager les m\u00eames informations par le biais d&#8217;un diaporama, d&#8217;une infographie, d&#8217;un dessin, d&#8217;un po\u00e8me ou de tout autre moyen cr\u00e9atif qu&#8217;il pr\u00e9f\u00e8re pour exprimer ses id\u00e9es.[\/vc_toggle][vc_toggle title=&#8221;Outre l&#8217;\u00e9change de vid\u00e9os, que comprend cet \u00e9change virtuel?&#8221;]La connexion des classes consiste \u00e0 partager des vid\u00e9os et \u00e0 r\u00e9pondre aux questions que votre classe re\u00e7oit. En outre, les enseignants peuvent organiser une visite virtuelle de la classe avec un membre de Prometour pour pr\u00e9senter le programme aux \u00e9l\u00e8ves et leur offrir un premier &#8220;\u00e9change culturel&#8221;. En mai 2022, les classes auront \u00e9galement la possibilit\u00e9 d\u2019organiser une rencontre virtuelle entre \u00e9l\u00e8ves.[\/vc_toggle][vc_toggle title=&#8221;De quoi s&#8217;occupe Prometour pendant l&#8217;\u00e9change virtuel?&#8221;]Prometour facilite la mise en relation des enseignants aux \u00c9tats-Unis, en France et en Espagne. L&#8217;\u00e9quipe soutiendra les enseignants tout au long du projet et utilisera \u00e9galement les commentaires des enseignants et des \u00e9tudiants afin d\u2019am\u00e9liorer le programme.[\/vc_toggle][vc_toggle title=&#8221;Des exemples de vid\u00e9os sont-ils disponibles\u202f?&#8221;]Vous pouvez visionner des exemples de vid\u00e9os cr\u00e9\u00e9es par des \u00e9tudiants l\u2019an dernier sur notre <a href=\"https:\/\/www.youtube.com\/channel\/UCKwSgnnhnwSUpJOgwGaa3Iw\">YouTube<\/a>.[\/vc_toggle][vc_toggle title=&#8221;Existe-t-il des exemples d&#8217;\u00e9valuation de vid\u00e9os ?&#8221;]Merci de consulter notre rubrique <a href=\"https:\/\/forumlanguageexperience.com\/wp-content\/uploads\/2021\/03\/Connecting-Classrooms-Sample-Rubric.pdf\">Connecting Classrooms sample<\/a>.[\/vc_toggle][\/vc_column][\/vc_row][vc_row][vc_column][vc_column_text]<\/p>\n<p>[\/vc_column_text][\/vc_column][\/vc_row][vc_row][vc_column][vc_column_text]<\/p>\n<p>[\/vc_column_text][\/vc_column][\/vc_row]<\/p>\n<\/div>","protected":false},"excerpt":{"rendered":"<p>[vc_row][vc_column][vc_column_text] Connecting Classrooms Apprentissage interculturel \u00e0 travers des \u00e9changes virtuels [\/vc_column_text][\/vc_column][\/vc_row][vc_row][vc_column][vc_column_text css=&#8221;&#8221;] REMPLIR LE FORMULAIRE [\/vc_column_text][vc_empty_space][vc_column_text css=&#8221;&#8221;] Connecting Classrooms est un programme totalement gratuit visant \u00e0 mettre en relation des classes de coll\u00e8ges et lyc\u00e9es de France et des \u00c9tats-Unis \u00e0 travers des \u00e9changes virtuels. Vos [&hellip;]<\/p>\n","protected":false},"author":2,"featured_media":0,"parent":0,"menu_order":0,"comment_status":"closed","ping_status":"closed","template":"","meta":{"footnotes":""},"class_list":["post-6458","page","type-page","status-publish","hentry"],"_links":{"self":[{"href":"https:\/\/prometour.eu\/fr\/wp-json\/wp\/v2\/pages\/6458","targetHints":{"allow":["GET"]}}],"collection":[{"href":"https:\/\/prometour.eu\/fr\/wp-json\/wp\/v2\/pages"}],"about":[{"href":"https:\/\/prometour.eu\/fr\/wp-json\/wp\/v2\/types\/page"}],"author":[{"embeddable":true,"href":"https:\/\/prometour.eu\/fr\/wp-json\/wp\/v2\/users\/2"}],"replies":[{"embeddable":true,"href":"https:\/\/prometour.eu\/fr\/wp-json\/wp\/v2\/comments?post=6458"}],"version-history":[{"count":19,"href":"https:\/\/prometour.eu\/fr\/wp-json\/wp\/v2\/pages\/6458\/revisions"}],"predecessor-version":[{"id":7729,"href":"https:\/\/prometour.eu\/fr\/wp-json\/wp\/v2\/pages\/6458\/revisions\/7729"}],"wp:attachment":[{"href":"https:\/\/prometour.eu\/fr\/wp-json\/wp\/v2\/media?parent=6458"}],"curies":[{"name":"wp","href":"https:\/\/api.w.org\/{rel}","templated":true}]}}