{"id":6468,"date":"2021-05-07T09:19:52","date_gmt":"2021-05-07T07:19:52","guid":{"rendered":"https:\/\/prometour.eu\/connecting-classrooms-actividad-dos\/"},"modified":"2023-01-26T13:25:46","modified_gmt":"2023-01-26T12:25:46","slug":"connecting-classrooms-activite-deux","status":"publish","type":"page","link":"https:\/\/prometour.eu\/fr\/connecting-classrooms-activite-deux\/","title":{"rendered":"Connecting Classrooms: Vie quotidienne des \u00e9l\u00e8ves au coll\u00e8ge"},"content":{"rendered":"<div class=\"wpb-content-wrapper\"><p>[vc_row][vc_column width=&#8221;3\/4&#8243;][vc_column_text]<\/p>\n<h2><strong>Vie quotidienne \u00e0 l&#8217;\u00e9cole<\/strong><\/h2>\n<p>Connecting Classrooms est un programme gratuit qui connecte des classes aux \u00c9tats-Unis, en France, en Belgique et en Espagne, pour un \u00e9change virtuel dans lequel les \u00e9l\u00e8ves partagent des vid\u00e9os afin de pr\u00e9senter leurs cultures et vies quotidiennes \u00e0 leurs partenaires.<br \/>\nDans la deuxi\u00e8me activit\u00e9 les \u00e9l\u00e8ves expliqueront comment fonctionne leur coll\u00e8ge\/lyc\u00e9e, ils partageront leurs vies scolaires ou ils expliqueront comment fonctionne le syst\u00e8me \u00e9ducatif de leur pays.[\/vc_column_text][vc_column_text]<\/p>\n<h2><strong>Th\u00e8mes propos\u00e9s<\/strong><\/h2>\n<p>[\/vc_column_text][vc_column_text]<\/p>\n<h3><strong>Vid\u00e9o tour de ton \u00e9cole \/ la vie scolaire quotidienne <\/strong><\/h3>\n<ul>\n<li>\u00c0 quelle heure te l\u00e8ves-tu ? \u00c0 quelle heure commence l\u2019\u00e9cole ? Comment te rends tu en cours ?<\/li>\n<li>Comment sont les salles de classe ? Est-ce que tu restes dans une seule salle ou est-ce que tu changes en fonction de la mati\u00e8re\/les heures ?<\/li>\n<li>Quels mat\u00e9riels et quelles ressources fournit ton \u00e9cole ? (Manuels scolaires, ordinateurs, etc.)<\/li>\n<li>Quelles sont les mati\u00e8res enseign\u00e9es ? Est-ce que tu peux les choisir ?<\/li>\n<li>Quels mat\u00e9riels et quelles ressources fournit ton \u00e9cole? (manuels scolaires, ordinateurs, etc.) ?<\/li>\n<\/ul>\n<p>&nbsp;<\/p>\n<h3><strong>Le syst\u00e8me \u00e9ducatif en France <\/strong><\/h3>\n<ul>\n<li>Quels sont les diff\u00e9rents types d\u2019\u00e9tablissements scolaires dans ta r\u00e9gion\u202f? (Par exemple : public, priv\u00e9)<\/li>\n<li>Quelles sont les exigences en mati\u00e8re de cours dans ton pays\/\u00c9tat\/acad\u00e9mie ?<\/li>\n<li>Quelles mati\u00e8res facultatives sont g\u00e9n\u00e9ralement propos\u00e9es et lesquelles sont les plus populaires aupr\u00e8s des \u00e9tudiants ?<\/li>\n<li>Comment se d\u00e9roulent les examens et les tests ?<\/li>\n<\/ul>\n<p>[\/vc_column_text][vc_column_text]<\/p>\n<h2><strong>Format de la vid\u00e9o<\/strong><\/h2>\n<p>[\/vc_column_text][vc_column_text]<strong>Structure et contenu de la vid\u00e9o <\/strong><\/p>\n<ul>\n<li>Pr\u00e9sente-toi et explique l\u2019objectif de la vid\u00e9o (\u201cNous sommes l\u00e0 pour te parler de\u201d, \u201cNous allons te montrer.\u201d)<\/li>\n<li>Introduction et d\u00e9veloppement du sujet<\/li>\n<li>Conclusion \u00ab Quelles questions as-tu pour tes camarades \u00e0 l\u2019\u00e9tranger et comment peuvent-ils te poser des questions ? \u00bb<\/li>\n<\/ul>\n<p>[\/vc_column_text][vc_column_text]<strong>Dur\u00e9e de la vid\u00e9o: <\/strong>3-4 minutes<\/p>\n<p><strong>Public: <\/strong>Les \u00e9tudiants de l\u2019\u00e9cole partenaire qui souhaitent en savoir en plus sur la vie scolaire et sur le syst\u00e8me \u00e9ducatif de ton pays.[\/vc_column_text][vc_column_text]<\/p>\n<h2><strong>Guides des activit\u00e9s<\/strong><\/h2>\n<p>[\/vc_column_text][vc_column_text]<\/p>\n<ul>\n<li><a href=\"https:\/\/prometour.eu\/wp-content\/uploads\/2023\/01\/Activity-Two-School-Life.pdf\" target=\"_blank\" rel=\"noopener noreferrer\">Connecting Classrooms guide d\u2019activit\u00e9 2- Anglais<\/a><\/li>\n<li><a href=\"https:\/\/prometour.eu\/wp-content\/uploads\/2023\/01\/Activite-2-La-Vie-Scolaire.pdf\" target=\"_blank\" rel=\"noopener noreferrer\">Connecting Classrooms guide d\u2019activit\u00e9 2- Fran\u00e7ais<\/a><\/li>\n<li><a href=\"https:\/\/prometour.eu\/wp-content\/uploads\/2023\/01\/Actividad-2-Vida-Escolar.pdf\" target=\"_blank\" rel=\"noopener noreferrer\">Connecting Classrooms guide d\u2019activit\u00e9 2- Espagnol<\/a><\/li>\n<\/ul>\n<p>[\/vc_column_text][\/vc_column][vc_column width=&#8221;1\/4&#8243;][vc_btn title=&#8221;Volver&#8221; size=&#8221;lg&#8221; link=&#8221;url:https%3A%2F%2Fprometour.eu%2Fconnecting-classrooms%2F|title:Connecting%20Classrooms|target:_blank&#8221;][\/vc_column][\/vc_row]<\/p>\n<\/div>","protected":false},"excerpt":{"rendered":"<p>[vc_row][vc_column width=&#8221;3\/4&#8243;][vc_column_text] Vie quotidienne \u00e0 l&#8217;\u00e9cole Connecting Classrooms est un programme gratuit qui connecte des classes aux \u00c9tats-Unis, en France, en Belgique et en Espagne, pour un \u00e9change virtuel dans lequel les \u00e9l\u00e8ves partagent des vid\u00e9os afin de pr\u00e9senter leurs cultures et vies quotidiennes \u00e0 leurs [&hellip;]<\/p>\n","protected":false},"author":2,"featured_media":0,"parent":0,"menu_order":0,"comment_status":"closed","ping_status":"closed","template":"","meta":{"footnotes":""},"class_list":["post-6468","page","type-page","status-publish","hentry"],"_links":{"self":[{"href":"https:\/\/prometour.eu\/fr\/wp-json\/wp\/v2\/pages\/6468","targetHints":{"allow":["GET"]}}],"collection":[{"href":"https:\/\/prometour.eu\/fr\/wp-json\/wp\/v2\/pages"}],"about":[{"href":"https:\/\/prometour.eu\/fr\/wp-json\/wp\/v2\/types\/page"}],"author":[{"embeddable":true,"href":"https:\/\/prometour.eu\/fr\/wp-json\/wp\/v2\/users\/2"}],"replies":[{"embeddable":true,"href":"https:\/\/prometour.eu\/fr\/wp-json\/wp\/v2\/comments?post=6468"}],"version-history":[{"count":3,"href":"https:\/\/prometour.eu\/fr\/wp-json\/wp\/v2\/pages\/6468\/revisions"}],"predecessor-version":[{"id":6833,"href":"https:\/\/prometour.eu\/fr\/wp-json\/wp\/v2\/pages\/6468\/revisions\/6833"}],"wp:attachment":[{"href":"https:\/\/prometour.eu\/fr\/wp-json\/wp\/v2\/media?parent=6468"}],"curies":[{"name":"wp","href":"https:\/\/api.w.org\/{rel}","templated":true}]}}