{"id":6472,"date":"2021-05-07T12:06:25","date_gmt":"2021-05-07T10:06:25","guid":{"rendered":"https:\/\/prometour.eu\/connecting-classrooms-actividad-tres\/"},"modified":"2021-11-15T11:43:47","modified_gmt":"2021-11-15T10:43:47","slug":"connecting-classrooms-activite-trois","status":"publish","type":"page","link":"https:\/\/prometour.eu\/fr\/connecting-classrooms-activite-trois\/","title":{"rendered":"Connecting Classrooms: Visite de ta ville et culture de ta region"},"content":{"rendered":"<div class=\"wpb-content-wrapper\"><p>[vc_row][vc_column width=&#8221;3\/4&#8243;][vc_column_text]<\/p>\n<h2><strong>Visite de ta ville et culture de ta region <\/strong><\/h2>\n<p>Connecting Classrooms est un programme gratuit qui connecte des classes aux \u00c9tats-Unis, en France et en Espagne, pour un \u00e9change virtuel dans lequel les \u00e9l\u00e8ves partagent des vid\u00e9os afin de pr\u00e9senter leur culture et vie quotidienne \u00e0 leurs partenaires.<br \/>\nComme troisi\u00e8me activit\u00e9, les \u00e9l\u00e8ves r\u00e9aliseront une vid\u00e9o dans laquelle ils feront visiter leur ville ou leur region \u00e0 leur \u00e9cole partenaire.[\/vc_column_text][vc_column_text]<\/p>\n<h2><strong>Th\u00e8mes propos\u00e9s<\/strong><\/h2>\n<p>[\/vc_column_text][vc_column_text]<\/p>\n<ul>\n<li>Quelles sont les 3 principales attractions de ta r\u00e9gion?<\/li>\n<li>Quelles sont les sp\u00e9cialit\u00e9s de ta r\u00e9gion?<\/li>\n<li>Partage quelques recommandations sur ta ville \/ r\u00e9gion\u202f: le meilleur restaurant\u202f? le meilleur endroit pour faire du shopping\u202f? les attractions les moins connues\u202f?<\/li>\n<li>Quels sont les dictons de ta ville \/ r\u00e9gion?<\/li>\n<li>Quel est le sport le plus populaire\/pratiqu\u00e9 dans ta r\u00e9gion\/ville\u202f? Ta ville\/r\u00e9gion a-t-elle des \u00e9quipes professionnelles\u202f?<\/li>\n<\/ul>\n<p>[\/vc_column_text][vc_column_text]<\/p>\n<h2><strong>Format de la vid\u00e9o<\/strong><\/h2>\n<p>[\/vc_column_text][vc_column_text]Dans cette vid\u00e9o en espagnol ,des \u00e9tudiants expliquent pourquoi la ville de Salamanca est id\u00e9ale pour venir y \u00e9tudier:[\/vc_column_text][vc_video link=&#8221;https:\/\/www.youtube.com\/watch?v=FY9FXx-7v60&#8243;][vc_column_text]<strong>Structure et contenu de la vid\u00e9o <\/strong><\/p>\n<ul>\n<li>Pr\u00e9sente-toi et explique l\u2019objectif de la vid\u00e9o (\u201c Nous sommes l\u00e0 pour te parler de\u201d, \u201cNous allons te montrer.\u201d)<\/li>\n<li>Introduction et d\u00e9veloppement du sujet<\/li>\n<li>Conclusion : \u00ab Quelles questions souhaites tu poser \u00e0 tes camarades \u00e0 l\u2019\u00e9tranger et comment peuvent-ils te poser des questions? \u00bb<\/li>\n<\/ul>\n<p>[\/vc_column_text][vc_column_text]<strong>Dur\u00e9e de la vid\u00e9o: \u00a0<\/strong>3-4 minutes<\/p>\n<p><strong>Public: <\/strong>\u00e9tudiants de ton \u00e9cole partenaire qui d\u00e9sirent en savoir en plus sur ta ville\/r\u00e9gion.<\/p>\n<p><strong>Adaptations: <\/strong><\/p>\n<ul>\n<li>Les \u00e9tudiants peuvent choisir une autre ville\/r\u00e9gion de leur pays.<\/li>\n<li>Les \u00e9tudiants peuvent pr\u00e9senter des informations sur la ville\/r\u00e9gion de l\u2019\u00e9cole partenaires en recherchant des informations en ligne.<\/li>\n<\/ul>\n<p>[\/vc_column_text][vc_column_text]<\/p>\n<h2><strong>Guides des activit\u00e9s<\/strong><\/h2>\n<p>[\/vc_column_text][vc_column_text]<\/p>\n<ul>\n<li><a href=\"https:\/\/prometour.eu\/wp-content\/uploads\/2021\/09\/Activity_3-Hometown_Tour_and_Regional_Culture.pdf\" target=\"_blank\" rel=\"noopener noreferrer\">Connecting Classrooms guide d\u2019activit\u00e9 3- Anglais<\/a><\/li>\n<li><a href=\"https:\/\/prometour.eu\/wp-content\/uploads\/2021\/09\/Activite_3-Votre_ville_et_de_la_culture_regionale.pdf\" target=\"_blank\" rel=\"noopener noreferrer\">Connecting Classrooms guide d\u2019activit\u00e9 3- Fran\u00e7ais<\/a><\/li>\n<li><a href=\"https:\/\/prometour.eu\/wp-content\/uploads\/2021\/09\/Actividad_3-Tour_por_tu_ciudad_y_cultura_regional.pdf\" target=\"_blank\" rel=\"noopener noreferrer\">Connecting Classrooms guide d\u2019activit\u00e9 3- espagnol<\/a><\/li>\n<\/ul>\n<p>[\/vc_column_text][\/vc_column][vc_column width=&#8221;1\/4&#8243;][vc_btn title=&#8221;Volver&#8221; link=&#8221;url:https%3A%2F%2Fprometour.eu%2Fconnecting-classrooms%2F|title:Connecting%20Classrooms&#8221;][\/vc_column][\/vc_row]<\/p>\n<\/div>","protected":false},"excerpt":{"rendered":"<p>[vc_row][vc_column width=&#8221;3\/4&#8243;][vc_column_text] Visite de ta ville et culture de ta region Connecting Classrooms est un programme gratuit qui connecte des classes aux \u00c9tats-Unis, en France et en Espagne, pour un \u00e9change virtuel dans lequel les \u00e9l\u00e8ves partagent des vid\u00e9os afin de pr\u00e9senter leur culture et vie [&hellip;]<\/p>\n","protected":false},"author":2,"featured_media":0,"parent":0,"menu_order":0,"comment_status":"closed","ping_status":"closed","template":"","meta":{"footnotes":""},"class_list":["post-6472","page","type-page","status-publish","hentry"],"_links":{"self":[{"href":"https:\/\/prometour.eu\/fr\/wp-json\/wp\/v2\/pages\/6472","targetHints":{"allow":["GET"]}}],"collection":[{"href":"https:\/\/prometour.eu\/fr\/wp-json\/wp\/v2\/pages"}],"about":[{"href":"https:\/\/prometour.eu\/fr\/wp-json\/wp\/v2\/types\/page"}],"author":[{"embeddable":true,"href":"https:\/\/prometour.eu\/fr\/wp-json\/wp\/v2\/users\/2"}],"replies":[{"embeddable":true,"href":"https:\/\/prometour.eu\/fr\/wp-json\/wp\/v2\/comments?post=6472"}],"version-history":[{"count":3,"href":"https:\/\/prometour.eu\/fr\/wp-json\/wp\/v2\/pages\/6472\/revisions"}],"predecessor-version":[{"id":6674,"href":"https:\/\/prometour.eu\/fr\/wp-json\/wp\/v2\/pages\/6472\/revisions\/6674"}],"wp:attachment":[{"href":"https:\/\/prometour.eu\/fr\/wp-json\/wp\/v2\/media?parent=6472"}],"curies":[{"name":"wp","href":"https:\/\/api.w.org\/{rel}","templated":true}]}}