{"id":6494,"date":"2021-10-07T10:58:06","date_gmt":"2021-10-07T08:58:06","guid":{"rendered":"https:\/\/prometour.eu\/?page_id=6494"},"modified":"2021-11-15T12:24:43","modified_gmt":"2021-11-15T11:24:43","slug":"questions-pour-les-enseignants","status":"publish","type":"page","link":"https:\/\/prometour.eu\/fr\/questions-pour-les-enseignants\/","title":{"rendered":"Questions pour les enseignants"},"content":{"rendered":"<div class=\"wpb-content-wrapper\"><p>[vc_row][vc_column][vc_column_text]<span class=\"TextRun SCXW230409685 BCX8\" lang=\"FR-FR\" xml:lang=\"FR-FR\" data-contrast=\"auto\"><span class=\"NormalTextRun SCXW230409685 BCX8\">Une bonne planification est \u00e0 la base d\u2019un voyage de groupe r\u00e9ussi. Chez\u00a0<\/span><span class=\"NormalTextRun SpellingErrorV2 SCXW230409685 BCX8\">Prom\u00e9tour<\/span><span class=\"NormalTextRun SCXW230409685 BCX8\">, chaque s\u00e9jour est soigneusement \u00e9labor\u00e9 avec vous pour se conformer \u00e0 vos attentes ainsi qu\u2019\u00e0 celle<\/span><span class=\"NormalTextRun SCXW230409685 BCX8\">s\u00a0<\/span><span class=\"NormalTextRun SCXW230409685 BCX8\">de vos \u00e9l\u00e8ves, en gardant \u00e0 la fois la s\u00e9curit\u00e9 de tous et l\u2019exp\u00e9rience de voyage \u00e0 l\u2019esprit.<\/span><\/span><span class=\"EOP SCXW230409685 BCX8\" data-ccp-props=\"{&quot;201341983&quot;:0,&quot;335551550&quot;:6,&quot;335551620&quot;:6,&quot;335559739&quot;:160,&quot;335559740&quot;:259}\">\u00a0<\/span><\/p>\n<p>Que vous soyez novice ou v\u00e9t\u00e9ran en mati\u00e8re de voyages linguistiques, nous serons l\u00e0 \u00e0 toutes \u00e9tapes de la planification et de l\u2019organisation de votre s\u00e9jour, et \u00e0 ce, afin d\u2019assurer \u00e0 vos \u00e9l\u00e8ves et vous-m\u00eame un voyage inoubliable.<\/p>\n<p>Vous voyagerez ainsi avec une entreprise sp\u00e9cialis\u00e9e dans les s\u00e9jours linguistiques, d\u00e9tentrice de toutes les licences et assurances requises pour votre tranquillit\u00e9 d\u2019esprit.<\/p>\n<p>De m\u00eame, vous serez en contact avec le m\u00eame consultant tout au long du processus.[\/vc_column_text][\/vc_column][\/vc_row][vc_row][vc_column][vc_toggle title=&#8221;Quel est le nombre d\u2019\u00e9l\u00e8ves recommand\u00e9 ?&#8221; el_class=&#8221;faqs_tittle&#8221;]<span data-contrast=\"auto\">Bien entendu, plus la taille de votre groupe est \u00e9lev\u00e9e et plus il y a de chances que le prix par participant soit moindre. Toutefois, il est plus facile pour le professeur en charge de g\u00e9rer un groupe de 20 personnes que de 40. De plus, \u00e0 partir de 20 \u00e9l\u00e8ves, les prix pour 20 et 30 deviennent comparables. Le nombre recommand\u00e9 se situe donc entre 20 et 30 \u00e9l\u00e8ves.<\/span><span data-ccp-props=\"{&quot;201341983&quot;:0,&quot;335551550&quot;:6,&quot;335551620&quot;:6,&quot;335559739&quot;:160,&quot;335559740&quot;:259}\">\u00a0<\/span><\/p>\n<p><span data-contrast=\"auto\">Dans le cadre d\u2019un \u00e9change, la taille de votre groupe doit prendre en consid\u00e9ration les capacit\u00e9s d\u2019accueil de l\u2019\u00e9cole partenaire.<\/span><span data-ccp-props=\"{&quot;201341983&quot;:0,&quot;335551550&quot;:6,&quot;335551620&quot;:6,&quot;335559739&quot;:160,&quot;335559740&quot;:259}\">\u00a0<\/span>[\/vc_toggle][vc_toggle title=&#8221;Elaboration d\u2019un itin\u00e9raire avec mon consultant et pr\u00e9sentation du projet \u00e0 mon administration ?&#8221;]Apr\u00e8s avoir d\u00e9fini clairement les objectifs du s\u00e9jour avec votre consultant, ce dernier vous pr\u00e9sentera une proposition de voyage.<br \/>\nUne fois un itin\u00e9raire finalis\u00e9, vous devrez vous assurer de l\u2019accord de votre administration quant \u00e0 votre projet de s\u00e9jour linguistique. Prom\u00e9tour vous fournira tous les documents juridiques dont vous pourriez avoir besoin.<br \/>\nDans le cadre d\u2019un \u00e9change scolaire, vous recevrez \u00e9galement \u00e0 ce moment-l\u00e0 les coordonn\u00e9es de votre partenaire d\u2019\u00e9change, avec qui vous rentrerez en contact.[\/vc_toggle][vc_toggle title=&#8221;Promotion du voyage ?&#8221;]Le moment est venu d&#8217;organiser une r\u00e9union d&#8217;information pour pr\u00e9senter le voyage aux \u00e9l\u00e8ves int\u00e9ress\u00e9s et \u00e0 leurs parents.<\/p>\n<p><span class=\"TextRun SCXW28169266 BCX8\" lang=\"FR-FR\" xml:lang=\"FR-FR\" data-contrast=\"auto\"><span class=\"NormalTextRun SCXW28169266 BCX8\">Avant la r\u00e9union, vous devrez \u00e9tablir les crit\u00e8res de participation au voyage (\u00e2ge,\u00a0<\/span><span class=\"NormalTextRun SCXW28169266 BCX8\">r\u00e9sultats acad\u00e9miques, comportement\u2026)\u00a0<\/span><\/span><span class=\"EOP SCXW28169266 BCX8\" data-ccp-props=\"{&quot;201341983&quot;:0,&quot;335551550&quot;:6,&quot;335551620&quot;:6,&quot;335559739&quot;:160,&quot;335559740&quot;:259}\">\u00a0<\/span> Si plus d&#8217;\u00e9l\u00e8ves s&#8217;inscrivent, ils seront inform\u00e9s des diff\u00e9rentes options et seront mis sur la liste d&#8217;attente.<\/p>\n<p>Votre consultant vous fera parvenir un lien avec tout le mat\u00e9riel promotionnel n\u00e9cessaire \u00e0 la pr\u00e9sentation aux \u00e9l\u00e8ves et \u00e0 leurs parents. De plus, selon votre souhait, votre consultant pourra participer \u00e0 la r\u00e9union de parents d\u2019\u00e9l\u00e8ves.<\/p>\n<p>Chaque participant pourra s\u2019inscrire en ligne et Prometour g\u00e9rera toutes les inscriptions afin d\u2019all\u00e9ger le r\u00f4le du professeur en charge.[\/vc_toggle][vc_toggle title=&#8221;Mon s\u00e9jour est confirm\u00e9 ?&#8221;]<span class=\"TextRun SCXW106410169 BCX8\" lang=\"FR-FR\" xml:lang=\"FR-FR\" data-contrast=\"auto\"><span class=\"NormalTextRun SCXW106410169 BCX8\">Une fois le nombre de participants<\/span><\/span><span class=\"EOP SCXW106410169 BCX8\" data-ccp-props=\"{&quot;201341983&quot;:0,&quot;335551550&quot;:6,&quot;335551620&quot;:6,&quot;335559739&quot;:160,&quot;335559740&quot;:259}\">\u00a0<\/span> minimum requis atteint, le voyage sera alors confirm\u00e9. Notre \u00e9quipe de production proc\u00e8de alors \u00e0 la r\u00e9servation de votre voyage.<\/p>\n<p>Dans votre compte en ligne, tous les participants trouveront les informations n\u00e9cessaires \u00e0 la bonne pr\u00e9paration de leur s\u00e9jour ; documentation n\u00e9cessaire, titre de voyage, contrat d\u2019assurance&#8230;[\/vc_toggle][vc_toggle title=&#8221;Sant\u00e9 et S\u00e9curit\u00e9 ?&#8221;]Votre sant\u00e9 et votre s\u00e9curit\u00e9 sont pour nous la priorit\u00e9. Toutes les mesures mises en place suivent les recommandations des autorit\u00e9s de sant\u00e9 publique de la destination. Nous pouvons vous assurer que nous mettons en pratique toutes leurs directives de s\u00e9curit\u00e9.[\/vc_toggle][vc_toggle title=&#8221;Mon r\u00f4le en tant que professeur en charge du s\u00e9jour ?&#8221;]<span data-contrast=\"auto\">Tout au long du processus d\u2019organisation et durant le s\u00e9jour, vous \u00eates l\u2019interlocuteur privil\u00e9gi\u00e9 des \u00e9l\u00e8ves participant au s\u00e9jour\u00a0ainsi que de leurs parents. En plus de l\u2019organisation du s\u00e9jour, votre r\u00f4le consiste en de l\u2019animation, de la promotion, de l\u2019encadrement et de l\u2019accompagnement.<\/span><span data-ccp-props=\"{&quot;201341983&quot;:0,&quot;335551550&quot;:6,&quot;335551620&quot;:6,&quot;335559739&quot;:160,&quot;335559740&quot;:259}\">\u00a0<\/span><\/p>\n<p><span data-contrast=\"auto\">Durant le s\u00e9jour, vous vous assurerez du bien-\u00eatre et du\u00a0bon\u00a0comportement des \u00e9l\u00e8ves.<\/span><span data-ccp-props=\"{&quot;201341983&quot;:0,&quot;335551550&quot;:6,&quot;335551620&quot;:6,&quot;335559739&quot;:160,&quot;335559740&quot;:259}\">\u00a0<\/span>[\/vc_toggle][\/vc_column][\/vc_row]<\/p>\n<\/div>","protected":false},"excerpt":{"rendered":"<p>[vc_row][vc_column][vc_column_text]Une bonne planification est \u00e0 la base d\u2019un voyage de groupe r\u00e9ussi. Chez\u00a0Prom\u00e9tour, chaque s\u00e9jour est soigneusement \u00e9labor\u00e9 avec vous pour se conformer \u00e0 vos attentes ainsi qu\u2019\u00e0 celles\u00a0de vos \u00e9l\u00e8ves, en gardant \u00e0 la fois la s\u00e9curit\u00e9 de tous et l\u2019exp\u00e9rience de voyage \u00e0 l\u2019esprit.\u00a0 [&hellip;]<\/p>\n","protected":false},"author":2,"featured_media":0,"parent":0,"menu_order":0,"comment_status":"closed","ping_status":"closed","template":"","meta":{"footnotes":""},"class_list":["post-6494","page","type-page","status-publish","hentry"],"_links":{"self":[{"href":"https:\/\/prometour.eu\/fr\/wp-json\/wp\/v2\/pages\/6494","targetHints":{"allow":["GET"]}}],"collection":[{"href":"https:\/\/prometour.eu\/fr\/wp-json\/wp\/v2\/pages"}],"about":[{"href":"https:\/\/prometour.eu\/fr\/wp-json\/wp\/v2\/types\/page"}],"author":[{"embeddable":true,"href":"https:\/\/prometour.eu\/fr\/wp-json\/wp\/v2\/users\/2"}],"replies":[{"embeddable":true,"href":"https:\/\/prometour.eu\/fr\/wp-json\/wp\/v2\/comments?post=6494"}],"version-history":[{"count":3,"href":"https:\/\/prometour.eu\/fr\/wp-json\/wp\/v2\/pages\/6494\/revisions"}],"predecessor-version":[{"id":6677,"href":"https:\/\/prometour.eu\/fr\/wp-json\/wp\/v2\/pages\/6494\/revisions\/6677"}],"wp:attachment":[{"href":"https:\/\/prometour.eu\/fr\/wp-json\/wp\/v2\/media?parent=6494"}],"curies":[{"name":"wp","href":"https:\/\/api.w.org\/{rel}","templated":true}]}}