{"id":6510,"date":"2019-09-12T13:39:48","date_gmt":"2019-09-12T11:39:48","guid":{"rendered":"https:\/\/prometour.eu\/inmersiones-linguisticas\/"},"modified":"2025-04-22T12:48:06","modified_gmt":"2025-04-22T10:48:06","slug":"immersions-linguistiques","status":"publish","type":"page","link":"https:\/\/prometour.eu\/fr\/immersions-linguistiques\/","title":{"rendered":"Immersions Linguistiques"},"content":{"rendered":"<div class=\"one fullwidth\">\n\t\t\t<!-- START Inmmersion Programs FR REVOLUTION SLIDER 6.2.23 --><\/p>\n<p class=\"rs-p-wp-fix\">\n<p>\t\t\t<rs-module-wrap id=\"rev_slider_13_1_wrapper\" data-alias=\"inmmersion-programs-1\" data-source=\"gallery\" style=\"background:transparent;padding:0;margin:0px auto;margin-top:0;margin-bottom:0;\"><br \/>\n\t\t\t\t<rs-module id=\"rev_slider_13_1\" style=\"\" data-version=\"6.2.23\"><br \/>\n\t\t\t\t\t<rs-slides><br \/>\n\t\t\t\t\t\t<rs-slide data-key=\"rs-30\" data-title=\"Slide\" data-anim=\"ei:d;eo:d;s:1000;r:0;t:fade;sl:0;\"><br \/>\n\t\t\t\t\t\t\t<img loading=\"lazy\" decoding=\"async\" src=\"\/\/prometour.eu\/wp-content\/uploads\/2021\/04\/inmersion.jpg\" title=\"inmersion\" width=\"2480\" height=\"1653\" class=\"rev-slidebg\" data-no-retina><br \/>\n<!--\n\t\t\t\t\t\t\t--><rs-layer\n\t\t\t\t\t\t\t\tid=\"slider-13-slide-30-layer-0\" \n\t\t\t\t\t\t\t\tdata-type=\"text\"\n\t\t\t\t\t\t\t\tdata-tsh=\"h:3px,2px,1px,0px;v:3px,2px,1px,0px;\"\n\t\t\t\t\t\t\t\tdata-rsp_ch=\"on\"\n\t\t\t\t\t\t\t\tdata-xy=\"x:c;y:m;\"\n\t\t\t\t\t\t\t\tdata-text=\"w:normal;s:50,41,31,19;l:50,41,31,19;fw:800;\"\n\t\t\t\t\t\t\t\tdata-frame_999=\"o:0;st:w;\"\n\t\t\t\t\t\t\t\tstyle=\"z-index:5;font-family:Raleway;\"\n\t\t\t\t\t\t\t> IMMERSIONS LINGUISTIQUES<br \/>\n\t\t\t\t\t\t\t<\/rs-layer><!--\n-->\t\t\t\t\t\t<\/rs-slide><br \/>\n\t\t\t\t\t<\/rs-slides><br \/>\n\t\t\t\t<\/rs-module><br \/>\n\t\t\t\t<script type=\"text\/javascript\">\n\t\t\t\t\tsetREVStartSize({c: 'rev_slider_13_1',rl:[1240,1024,778,480],el:[778,768,960,720],gw:[1240,1024,778,480],gh:[778,778,480,480],type:'standard',justify:'',layout:'fullwidth',mh:\"0\"});\n\t\t\t\t\tvar\trevapi13,\n\t\t\t\t\t\ttpj;\n\t\t\t\t\tfunction revinit_revslider131() {\n\t\t\t\t\tjQuery(function() {\n\t\t\t\t\t\ttpj = jQuery;\n\t\t\t\t\t\trevapi13 = tpj(\"#rev_slider_13_1\");\n\t\t\t\t\t\tif(revapi13==undefined || revapi13.revolution == undefined){\n\t\t\t\t\t\t\trevslider_showDoubleJqueryError(\"rev_slider_13_1\");\n\t\t\t\t\t\t}else{\n\t\t\t\t\t\t\trevapi13.revolution({\n\t\t\t\t\t\t\t\tsliderLayout:\"fullwidth\",\n\t\t\t\t\t\t\t\tvisibilityLevels:\"1240,1024,778,480\",\n\t\t\t\t\t\t\t\tgridwidth:\"1240,1024,778,480\",\n\t\t\t\t\t\t\t\tgridheight:\"778,778,480,480\",\n\t\t\t\t\t\t\t\tspinner:\"spinner0\",\n\t\t\t\t\t\t\t\tperspective:600,\n\t\t\t\t\t\t\t\tperspectiveType:\"global\",\n\t\t\t\t\t\t\t\teditorheight:\"778,768,960,720\",\n\t\t\t\t\t\t\t\tresponsiveLevels:\"1240,1024,778,480\",\n\t\t\t\t\t\t\t\tprogressBar:{disableProgressBar:true},\n\t\t\t\t\t\t\t\tnavigation: {\n\t\t\t\t\t\t\t\t\tonHoverStop:false\n\t\t\t\t\t\t\t\t},\n\t\t\t\t\t\t\t\tfallbacks: {\n\t\t\t\t\t\t\t\t\tallowHTML5AutoPlayOnAndroid:true\n\t\t\t\t\t\t\t\t},\n\t\t\t\t\t\t\t});\n\t\t\t\t\t\t}<\/p>\n<p>\t\t\t\t\t});\n\t\t\t\t\t} \/\/ End of RevInitScript\n\t\t\t\tvar once_revslider131 = false;\n\t\t\t\tif (document.readyState === \"loading\") {document.addEventListener('readystatechange',function() { if((document.readyState === \"interactive\" || document.readyState === \"complete\") && !once_revslider131 ) { once_revslider131 = true; revinit_revslider131();}});} else {once_revslider131 = true; revinit_revslider131();}\n\t\t\t\t<\/script><br \/>\n\t\t\t<\/rs-module-wrap><br \/>\n\t\t\t<!-- END REVOLUTION SLIDER -->\n<\/div>\n<div class=\"one withsmallpadding \" style=\"padding: 30px 0 30px 0;\" >\n<div class=\"page_content_wrapper\">\n<div style=\"text-align: center;\">\n<h2 class=\"ppb_title\">IMMERSIONS LINGUISTIQUES<\/h2>\n<p><\/br><\/p>\n<h3 class=\"ppb_title\">Une semaine pour se familiariser avec une nouvelle langue et culture.<\/h3>\n<p>Nous proposons diff\u00e9rentes formules d&#8217;immersions linguistiques en acad\u00e9mie en Irlande, Angleterre et Espagne.<\/br><br \/>\nVos \u00e9l\u00e8ves recevront des <b>cours de langues<\/b> avec des professeurs natifs le matin et prendront part \u00e0 des <b>activit\u00e9s et visites culturelles<\/b> en apr\u00e8s-midi. Vous pourrez aussi inclure \u00e0 votre s\u00e9jour une journ\u00e9e d\u2019excursion dans une <b>grande ville de proximit\u00e9<\/b> : Londres, Dublin, Madrid\u2026<\/p>\n<p>Les \u00e9l\u00e8ves seront log\u00e9s par deux ou trois en famille d&#8217;accueil en pension compl\u00e8te<\/span>\n<\/div>\n<\/div>\n<\/div>\n<div class=\"one withsmallpadding \" style=\"padding: 30px 0 30px 0;\" >\n<div class=\"page_content_wrapper\">\n<div style=\"text-align: center;\">\n<h3 class=\"ppb_title\">Dur\u00e9e<\/h3>\n<p>Les voyages en immersion linguistique durent en g\u00e9n\u00e9ral <b>entre 5 et 7 jours<\/b> pour que les \u00e9l\u00e8ves puissent assister \u00e0 une semaine enti\u00e8re de cours et activit\u00e9s.\n<\/div>\n<\/div>\n<\/div>\n<div class=\"ppb_tour one withpadding nopadding \" >\n<div class=\"page_content_wrapper full_width\" style=\"text-align:center\">\n<div class=\"portfolio_filter_wrapper three_cols fullwidth shortcode gallery section content clearfix\">\n<div class=\"element portfolio3filter_wrapper\">\n<div class=\"one_third gallery3 filterable gallery_type animated1\"><a href=\"https:\/\/prometour.eu\/fr\/tours\/immersion-a-broadstairs\/\"><img decoding=\"async\" src=\"https:\/\/prometour.eu\/wp-content\/uploads\/2025\/04\/castle-1837304_1280-560x460.jpg\" alt=\"\" \/><\/p>\n<div class=\"thumb_content fullwidth \">\n<div class=\"thumb_title\">\n<div class=\"tour_country\">\n\t            \t\tIMMERSION EN ACADEMIE\n\t            \t<\/div>\n<h3>Irlande &#8211; Malahide<\/h3>\n<\/p><\/div>\n<div class=\"thumb_meta\">\n<div class=\"tour_days\">\n\t            \t\t8 Days\n\t            \t<\/div>\n<\/div>\n<\/div>\n<p><\/a><\/div>\n<\/div>\n<div class=\"element portfolio3filter_wrapper\">\n<div class=\"one_third gallery3 filterable gallery_type animated2\"><a href=\"https:\/\/prometour.eu\/fr\/tours\/espagne-toledo\/\"><img decoding=\"async\" src=\"https:\/\/prometour.eu\/wp-content\/uploads\/2025\/04\/toledo-1811636_1280-560x460.jpg\" alt=\"\" \/><\/p>\n<div class=\"thumb_content fullwidth \">\n<div class=\"thumb_title\">\n<div class=\"tour_country\">\n\t            \t\tIMMERSION EN ACADEMIE\n\t            \t<\/div>\n<h3>Espagne &#8211; Toledo<\/h3>\n<\/p><\/div>\n<div class=\"thumb_meta\">\n<div class=\"tour_days\">\n\t            \t\t8 Days\n\t            \t<\/div>\n<\/div>\n<\/div>\n<p><\/a><\/div>\n<\/div>\n<div class=\"element portfolio3filter_wrapper\">\n<div class=\"one_third gallery3 filterable gallery_type animated3\"><a href=\"https:\/\/prometour.eu\/fr\/tours\/brighton\/\"><img decoding=\"async\" src=\"https:\/\/prometour.eu\/wp-content\/uploads\/2021\/10\/west-gate-1597788_1920-560x460.jpg\" alt=\"\" \/><\/p>\n<div class=\"thumb_content fullwidth \">\n<div class=\"thumb_title\">\n<div class=\"tour_country\">\n\t            \t\tIMMERSION EN ACAD\u00c9MIE\n\t            \t<\/div>\n<h3>Royaume-uni &#8211; Canterbury<\/h3>\n<\/p><\/div>\n<div class=\"thumb_meta\">\n<div class=\"tour_days\">\n\t            \t\t8 Days\n\t            \t<\/div>\n<\/div>\n<\/div>\n<p><\/a><\/div>\n<\/div>\n<\/div>\n<\/div>\n<\/div>\n","protected":false},"excerpt":{"rendered":"<p>IMMERSIONS LINGUISTIQUES IMMERSIONS LINGUISTIQUES Une semaine pour se familiariser avec une nouvelle langue et culture. Nous proposons diff\u00e9rentes formules d&#8217;immersions linguistiques en acad\u00e9mie en Irlande, Angleterre et Espagne. Vos \u00e9l\u00e8ves recevront des cours de langues avec des professeurs natifs le matin et prendront part \u00e0 des [&hellip;]<\/p>\n","protected":false},"author":1,"featured_media":0,"parent":0,"menu_order":0,"comment_status":"closed","ping_status":"closed","template":"page_f.php","meta":{"footnotes":""},"class_list":["post-6510","page","type-page","status-publish","hentry"],"_links":{"self":[{"href":"https:\/\/prometour.eu\/fr\/wp-json\/wp\/v2\/pages\/6510","targetHints":{"allow":["GET"]}}],"collection":[{"href":"https:\/\/prometour.eu\/fr\/wp-json\/wp\/v2\/pages"}],"about":[{"href":"https:\/\/prometour.eu\/fr\/wp-json\/wp\/v2\/types\/page"}],"author":[{"embeddable":true,"href":"https:\/\/prometour.eu\/fr\/wp-json\/wp\/v2\/users\/1"}],"replies":[{"embeddable":true,"href":"https:\/\/prometour.eu\/fr\/wp-json\/wp\/v2\/comments?post=6510"}],"version-history":[{"count":36,"href":"https:\/\/prometour.eu\/fr\/wp-json\/wp\/v2\/pages\/6510\/revisions"}],"predecessor-version":[{"id":7824,"href":"https:\/\/prometour.eu\/fr\/wp-json\/wp\/v2\/pages\/6510\/revisions\/7824"}],"wp:attachment":[{"href":"https:\/\/prometour.eu\/fr\/wp-json\/wp\/v2\/media?parent=6510"}],"curies":[{"name":"wp","href":"https:\/\/api.w.org\/{rel}","templated":true}]}}