{"id":6696,"date":"2019-09-12T13:39:29","date_gmt":"2019-09-12T11:39:29","guid":{"rendered":"https:\/\/prometour.eu\/programas-culturales\/"},"modified":"2025-04-22T12:26:13","modified_gmt":"2025-04-22T10:26:13","slug":"programmes-culturels","status":"publish","type":"page","link":"https:\/\/prometour.eu\/fr\/programmes-culturels\/","title":{"rendered":"Tours culturels"},"content":{"rendered":"<div class=\"one fullwidth\">\n\t\t\t<!-- START Cultural Programs Fr REVOLUTION SLIDER 6.2.23 --><\/p>\n<p class=\"rs-p-wp-fix\">\n<p>\t\t\t<rs-module-wrap id=\"rev_slider_14_1_wrapper\" data-alias=\"cultural-programs-1\" data-source=\"gallery\" style=\"background:transparent;padding:0;margin:0px auto;margin-top:0;margin-bottom:0;\"><br \/>\n\t\t\t\t<rs-module id=\"rev_slider_14_1\" style=\"\" data-version=\"6.2.23\"><br \/>\n\t\t\t\t\t<rs-slides><br \/>\n\t\t\t\t\t\t<rs-slide data-key=\"rs-31\" data-title=\"Cultural Programs\" data-anim=\"ei:d;eo:d;s:1000;r:0;t:fade;sl:0;\"><br \/>\n\t\t\t\t\t\t\t<img loading=\"lazy\" decoding=\"async\" src=\"\/\/prometour.eu\/wp-content\/uploads\/2021\/11\/cultural_tour.jpg\" title=\"cultural_tour\" width=\"1920\" height=\"1080\" class=\"rev-slidebg\" data-no-retina><br \/>\n<!--\n\t\t\t\t\t\t\t--><rs-layer\n\t\t\t\t\t\t\t\tid=\"slider-14-slide-31-layer-0\" \n\t\t\t\t\t\t\t\tdata-type=\"text\"\n\t\t\t\t\t\t\t\tdata-color=\"#ffffff\"\n\t\t\t\t\t\t\t\tdata-tsh=\"h:3px;v:3px;\"\n\t\t\t\t\t\t\t\tdata-rsp_ch=\"on\"\n\t\t\t\t\t\t\t\tdata-xy=\"x:c;y:c;\"\n\t\t\t\t\t\t\t\tdata-text=\"w:normal;s:50;l:50;fw:800;\"\n\t\t\t\t\t\t\t\tdata-frame_999=\"o:0;st:w;\"\n\t\t\t\t\t\t\t\tstyle=\"z-index:5;font-family:Raleway;\"\n\t\t\t\t\t\t\t>PROGRAMMES CULTURELS<br \/>\n\t\t\t\t\t\t\t<\/rs-layer><!--\n-->\t\t\t\t\t\t<\/rs-slide><br \/>\n\t\t\t\t\t<\/rs-slides><br \/>\n\t\t\t\t<\/rs-module><br \/>\n\t\t\t\t<script type=\"text\/javascript\">\n\t\t\t\t\tsetREVStartSize({c: 'rev_slider_14_1',rl:[1240,1024,778,480],el:[900],gw:[1240],gh:[900],type:'standard',justify:'',layout:'fullwidth',mh:\"0\"});\n\t\t\t\t\tvar\trevapi14,\n\t\t\t\t\t\ttpj;\n\t\t\t\t\tfunction revinit_revslider141() {\n\t\t\t\t\tjQuery(function() {\n\t\t\t\t\t\ttpj = jQuery;\n\t\t\t\t\t\trevapi14 = tpj(\"#rev_slider_14_1\");\n\t\t\t\t\t\tif(revapi14==undefined || revapi14.revolution == undefined){\n\t\t\t\t\t\t\trevslider_showDoubleJqueryError(\"rev_slider_14_1\");\n\t\t\t\t\t\t}else{\n\t\t\t\t\t\t\trevapi14.revolution({\n\t\t\t\t\t\t\t\tsliderLayout:\"fullwidth\",\n\t\t\t\t\t\t\t\tvisibilityLevels:\"1240,1024,778,480\",\n\t\t\t\t\t\t\t\tgridwidth:1240,\n\t\t\t\t\t\t\t\tgridheight:900,\n\t\t\t\t\t\t\t\tspinner:\"spinner0\",\n\t\t\t\t\t\t\t\tperspective:600,\n\t\t\t\t\t\t\t\tperspectiveType:\"global\",\n\t\t\t\t\t\t\t\teditorheight:\"900,768,960,720\",\n\t\t\t\t\t\t\t\tresponsiveLevels:\"1240,1024,778,480\",\n\t\t\t\t\t\t\t\tprogressBar:{disableProgressBar:true},\n\t\t\t\t\t\t\t\tnavigation: {\n\t\t\t\t\t\t\t\t\tonHoverStop:false\n\t\t\t\t\t\t\t\t},\n\t\t\t\t\t\t\t\tfallbacks: {\n\t\t\t\t\t\t\t\t\tallowHTML5AutoPlayOnAndroid:true\n\t\t\t\t\t\t\t\t},\n\t\t\t\t\t\t\t});\n\t\t\t\t\t\t}<\/p>\n<p>\t\t\t\t\t});\n\t\t\t\t\t} \/\/ End of RevInitScript\n\t\t\t\tvar once_revslider141 = false;\n\t\t\t\tif (document.readyState === \"loading\") {document.addEventListener('readystatechange',function() { if((document.readyState === \"interactive\" || document.readyState === \"complete\") && !once_revslider141 ) { once_revslider141 = true; revinit_revslider141();}});} else {once_revslider141 = true; revinit_revslider141();}\n\t\t\t\t<\/script><br \/>\n\t\t\t<\/rs-module-wrap><br \/>\n\t\t\t<!-- END REVOLUTION SLIDER -->\n<\/div>\n<div class=\"one withsmallpadding \" style=\"padding: 30px 0 30px 0;\" >\n<div class=\"page_content_wrapper\">\n<div style=\"text-align: center;\">\n<h2 class=\"ppb_title\">TOUR CULTURELS<\/h2>\n<p><\/br><\/p>\n<h3 class=\"ppb_title\">Exp\u00e9rience \u00e9ducative sur mesure<\/h3>\n<p>Offrez \u00e0 vos \u00e9l\u00e8ves une exp\u00e9rience inoubliable.<\/br><\/br><br \/>\nNous proposons des <b>voyages \u00e9ducatifs personnalis\u00e9s<\/b>. Nous n&#8217;oublions pas <b>l&#8217;aspect \u00e9ducatif<\/b> de chaque s\u00e9jour et cherchons toujours \u00e0 vous permettre de <b>faire le lien<\/b> entre ce que vos \u00e9l\u00e8ves \u00e9tudient en cours et le voyage que vous planifiez. <\/p>\n<p>Dans une grande ville ou en road trip, <b>orient\u00e9 sur l&#8217;histoire, la politique ou le sport<\/b>, faites de votre voyage une exp\u00e9rience unique, <b>adapt\u00e9e \u00e0 votre budget<\/b> et au <b>nombre et \u00e2ge des \u00e9l\u00e8ves<\/b> avec lesquels vous souhaitez voyager.<br \/>\n<\/span>\n<\/div>\n<\/div>\n<\/div>\n<div class=\"one withsmallpadding \" style=\"padding: 30px 0 30px 0;\" >\n<div class=\"page_content_wrapper\">\n<div style=\"text-align: center;\">\n<h3 class=\"ppb_title\">Dur\u00e9e<\/h3>\n<p>La dur\u00e9e des tours culturels <b>d\u00e9pend compl\u00e8tement de votre budget<\/b>. Nous veillerons \u00e0 vous offrir la plus belle exp\u00e9rience au meilleur prix.\n<\/div>\n<\/div>\n<\/div>\n<div class=\"one withsmallpadding \" style=\"padding: 30px 0 30px 0;\" >\n<div class=\"page_content_wrapper\">\n<div style=\"text-align: center;\">\n<h3 class=\"ppb_title\">Destinations<\/h3>\n<p>\nNous proposons des tours vers n&#8217;importe quelle destination. Voici quelques exemples pour vous inspirer.<\/p>\n<\/div>\n<\/div>\n<div class=\"ppb_tour one withpadding \" >\n<div class=\"page_content_wrapper full_width\" style=\"text-align:center\">\n<div class=\"portfolio_filter_wrapper three_cols fullwidth shortcode gallery section content clearfix\">\n<div class=\"element portfolio3filter_wrapper\">\n<div class=\"one_third gallery3 filterable gallery_type animated1\"><a href=\"https:\/\/prometour.eu\/fr\/tours\/georgie-alabama\/\"><img decoding=\"async\" src=\"https:\/\/prometour.eu\/wp-content\/uploads\/2025\/03\/Atlanta-Martin-Lutherking2-560x460.jpg\" alt=\"\" \/><\/p>\n<div class=\"thumb_content fullwidth \">\n<div class=\"thumb_title\">\n<div class=\"tour_country\">\n\t            \t\tGeorgia &#038; Alabama\n\t            \t<\/div>\n<h3>Atlanta &#8211; Montgomery<\/h3>\n<\/p><\/div>\n<div class=\"thumb_meta\">\n<div class=\"tour_days\">\n\t            \t\t7 Days\n\t            \t<\/div>\n<\/div>\n<\/div>\n<p><\/a><\/div>\n<\/div>\n<div class=\"element portfolio3filter_wrapper\">\n<div class=\"one_third gallery3 filterable gallery_type animated2\"><a href=\"https:\/\/prometour.eu\/fr\/tours\/echange-simple-2\/\"><img decoding=\"async\" src=\"https:\/\/prometour.eu\/wp-content\/uploads\/2025\/03\/USA-New-York-New-York-City-Times-Square-Night-560x460.jpg\" alt=\"\" \/><\/p>\n<div class=\"thumb_content fullwidth \">\n<div class=\"thumb_title\">\n<div class=\"tour_country\">\n\t            \t\tNEW YORK CITY\n\t            \t<\/div>\n<h3>New York City<\/h3>\n<\/p><\/div>\n<div class=\"thumb_meta\">\n<div class=\"tour_days\">\n\t            \t\t7 Days\n\t            \t<\/div>\n<\/div>\n<\/div>\n<p><\/a><\/div>\n<\/div>\n<div class=\"element portfolio3filter_wrapper\">\n<div class=\"one_third gallery3 filterable gallery_type animated3\"><a href=\"https:\/\/prometour.eu\/fr\/tours\/dublin-galway\/\"><img decoding=\"async\" src=\"https:\/\/prometour.eu\/wp-content\/uploads\/2025\/04\/castle-1837304_1280-560x460.jpg\" alt=\"\" \/><\/p>\n<div class=\"thumb_content fullwidth \">\n<div class=\"thumb_title\">\n<div class=\"tour_country\">\n\t            \t\tIrlande\n\t            \t<\/div>\n<h3>Dublin &#8211; Galway<\/h3>\n<\/p><\/div>\n<div class=\"thumb_meta\">\n<div class=\"tour_days\">\n\t            \t\t7 Days\n\t            \t<\/div>\n<\/div>\n<\/div>\n<p><\/a><\/div>\n<\/div>\n<div class=\"element portfolio3filter_wrapper\">\n<div class=\"one_third gallery3 filterable gallery_type animated4\"><a href=\"https:\/\/prometour.eu\/fr\/tours\/dublin-galway-3\/\"><img decoding=\"async\" src=\"https:\/\/prometour.eu\/wp-content\/uploads\/2025\/04\/wawel-3683040_1280-560x460.jpg\" alt=\"\" \/><\/p>\n<div class=\"thumb_content fullwidth \">\n<div class=\"thumb_title\">\n<div class=\"tour_country\">\n\t            \t\tPologne\n\t            \t<\/div>\n<h3>Cracovie<\/h3>\n<\/p><\/div>\n<div class=\"thumb_meta\">\n<div class=\"tour_days\">\n\t            \t\t5 Days\n\t            \t<\/div>\n<\/div>\n<\/div>\n<p><\/a><\/div>\n<\/div>\n<div class=\"element portfolio3filter_wrapper\">\n<div class=\"one_third gallery3 filterable gallery_type animated5\"><a href=\"https:\/\/prometour.eu\/fr\/tours\/dublin-galway-2\/\"><img decoding=\"async\" src=\"https:\/\/prometour.eu\/wp-content\/uploads\/2025\/04\/royal-3462249_1280-560x460.jpg\" alt=\"\" \/><\/p>\n<div class=\"thumb_content fullwidth \">\n<div class=\"thumb_title\">\n<div class=\"tour_country\">\n\t            \t\tEspagne\n\t            \t<\/div>\n<h3>Madrid &#8211; Barcelona<\/h3>\n<\/p><\/div>\n<div class=\"thumb_meta\">\n<div class=\"tour_days\">\n\t            \t\t6 Days\n\t            \t<\/div>\n<\/div>\n<\/div>\n<p><\/a><\/div>\n<\/div>\n<\/div>\n<\/div>\n<\/div>\n","protected":false},"excerpt":{"rendered":"<p>PROGRAMMES CULTURELS TOUR CULTURELS Exp\u00e9rience \u00e9ducative sur mesure Offrez \u00e0 vos \u00e9l\u00e8ves une exp\u00e9rience inoubliable. Nous proposons des voyages \u00e9ducatifs personnalis\u00e9s. Nous n&#8217;oublions pas l&#8217;aspect \u00e9ducatif de chaque s\u00e9jour et cherchons toujours \u00e0 vous permettre de faire le lien entre ce que vos \u00e9l\u00e8ves \u00e9tudient en [&hellip;]<\/p>\n","protected":false},"author":1,"featured_media":0,"parent":0,"menu_order":0,"comment_status":"closed","ping_status":"closed","template":"page_f.php","meta":{"footnotes":""},"class_list":["post-6696","page","type-page","status-publish","hentry"],"_links":{"self":[{"href":"https:\/\/prometour.eu\/fr\/wp-json\/wp\/v2\/pages\/6696","targetHints":{"allow":["GET"]}}],"collection":[{"href":"https:\/\/prometour.eu\/fr\/wp-json\/wp\/v2\/pages"}],"about":[{"href":"https:\/\/prometour.eu\/fr\/wp-json\/wp\/v2\/types\/page"}],"author":[{"embeddable":true,"href":"https:\/\/prometour.eu\/fr\/wp-json\/wp\/v2\/users\/1"}],"replies":[{"embeddable":true,"href":"https:\/\/prometour.eu\/fr\/wp-json\/wp\/v2\/comments?post=6696"}],"version-history":[{"count":16,"href":"https:\/\/prometour.eu\/fr\/wp-json\/wp\/v2\/pages\/6696\/revisions"}],"predecessor-version":[{"id":7812,"href":"https:\/\/prometour.eu\/fr\/wp-json\/wp\/v2\/pages\/6696\/revisions\/7812"}],"wp:attachment":[{"href":"https:\/\/prometour.eu\/fr\/wp-json\/wp\/v2\/media?parent=6696"}],"curies":[{"name":"wp","href":"https:\/\/api.w.org\/{rel}","templated":true}]}}