{"id":8427,"date":"2025-12-22T11:46:06","date_gmt":"2025-12-22T10:46:06","guid":{"rendered":"https:\/\/prometour.eu\/?page_id=8427"},"modified":"2025-12-22T11:50:33","modified_gmt":"2025-12-22T10:50:33","slug":"echanges-scolaires","status":"publish","type":"page","link":"https:\/\/prometour.eu\/fr\/echanges-scolaires\/","title":{"rendered":"echanges-scolaires"},"content":{"rendered":"<div class=\"wpb-content-wrapper\"><p>[vc_row full_width=&#8221;stretch_row_content&#8221; css=&#8221;.vc_custom_1764164266629{margin-top: -40px !important;}&#8221;][vc_column parallax=&#8221;content-moving&#8221; parallax_image=&#8221;8401&#8243; el_class=&#8221;background-overlay&#8221; css=&#8221;.vc_custom_1765969833997{padding-top: 100px !important;padding-bottom: 100px !important;}&#8221;][vc_row_inner content_placement=&#8221;middle&#8221;][vc_column_inner el_class=&#8221;theme-white-typo&#8221; width=&#8221;1\/2&#8243; css=&#8221;.vc_custom_1763540590853{margin-left: 75px !important;}&#8221;][vc_column_text css=&#8221;.vc_custom_1765969929761{padding-top: 50px !important;padding-bottom: 50px !important;}&#8221;]<\/p>\n<h2>Le Programme<\/h2>\n<ul>\n<li>Nous vous mettons en relation avec une \u00e9cole partenaire aux \u00c9tats-Unis.<\/li>\n<li>Vous et vos \u00e9l\u00e8ves voyagez aux USA pour visiter cette \u00e9cole. Vos \u00e9l\u00e8ves seront h\u00e9berg\u00e9s chez leur correspondant.<\/li>\n<li>Ensuite, vous accueillez les correspondants am\u00e9ricains dans votre \u00e9cole.<\/li>\n<\/ul>\n<h3>Faites le premier pas<\/h3>\n<ul>\n<li>Lisez notre Guide pour les enseignants : Comment organiser un \u00e9change scolaire ?<\/li>\n<\/ul>\n<p>&nbsp;<\/p>\n<div class=\"banner-perfil-btn\"><a class=\"btn-banner-perfil\" href=\"https:\/\/prometour.eu\/wp-content\/uploads\/2025\/12\/COMMENT-ORGANISER-1.pdf\">T\u00e9l\u00e9chargez notre guide d\u2019\u00e9change scolaire pour enseignants<\/a><\/div>\n<p>[\/vc_column_text][\/vc_column_inner][vc_column_inner width=&#8221;1\/2&#8243;][\/vc_column_inner][\/vc_row_inner][\/vc_column][\/vc_row][vc_row full_width=&#8221;stretch_row_content_no_spaces&#8221; full_height=&#8221;yes&#8221;][vc_column][vc_column_text css=&#8221;.vc_custom_1765454832796{margin-top: -75px !important;margin-bottom: -75px !important;}&#8221;]<\/p>\n<div class=\"one withsmallpadding \" style=\"padding: 30px 0 30px 0;\">\n<div class=\"page_content_wrapper\">\n<div style=\"text-align: center;\">\n<h2 class=\"ppb_title\">\u00c9CHANGES SCOLAIRES<\/h2>\n<p>&nbsp;<\/p>\n<h3 class=\"ppb_title\">L\u2019immersion dans le quotidien am\u00e9ricain<\/h3>\n<p><b>Log\u00e9s en famille<\/b> chez leur <b>correspondant am\u00e9ricain<\/b> vos \u00e9l\u00e8ves <b>assisteront aux cours<\/b> et prendront part \u00e0 diverses activit\u00e9s extrascolaires offertes par le lyc\u00e9e partenaire. Vous aurez aussi la possibilit\u00e9 d\u2019inclure <b>diff\u00e9rentes visites culturelles<\/b> \u00e0 votre s\u00e9jour. \u00c0 leur tour, les \u00e9l\u00e8ves am\u00e9ricains viendront ensuite vous rendre visite plus tard dans l\u2019ann\u00e9e.<\/div>\n<\/div>\n<\/div>\n<p>[\/vc_column_text][\/vc_column][\/vc_row][vc_row full_width=&#8221;stretch_row_content_no_spaces&#8221;][vc_column][vc_raw_html css=&#8221;&#8221;]JTNDZGl2JTIwY2xhc3MlM0QlMjJiYW5uZXItcGVyZmlsLWVzY29sYXIlMjIlM0UlMEQlMEElMjAlMjAlMjAlMjAlM0NkaXYlMjBjbGFzcyUzRCUyMmJhbm5lci1wZXJmaWwtdGl0bGUlMjIlM0UlMEQlMEElMjAlMjAlMjAlMjAlMjAlMjAlMjAlMjAlM0NoMiUzRVRyb3V2ZXolMjB2b3RyZSUyMCVDMyVBOXRhYmxpc3NlbWVudCUyMHBhcnRlbmFpcmUlM0MlMkZoMiUzRSUwRCUwQSUyMCUyMCUyMCUyMCUzQyUyRmRpdiUzRSUwRCUwQSUyMCUyMCUyMCUzQ2JyJTNFJTBEJTBBJTIwJTIwJTIwJTIwJTNDZGl2JTIwY2xhc3MlM0QlMjJiYW5uZXItcGVyZmlsLWJ0biUyMiUzRSUwRCUwQSUyMCUyMCUyMCUyMCUyMCUyMCUyMCUyMCUzQ2ElMjBocmVmJTNEJTIyaHR0cHMlM0ElMkYlMkZwcm9tZXRvdXIuZXUlMkZyZXF1ZXN0LWZvcm0tZnIlMkYlMjIlMjBjbGFzcyUzRCUyMmJ0bi1iYW5uZXItcGVyZmlsJTIyJTNFRW52b3lleiUyMHZvdHJlJTIwcHJvZmlsJTNDJTJGYSUzRSUwRCUwQSUyMCUyMCUyMCUyMCUzQyUyRmRpdiUzRSUwRCUwQSUyMCUyMCUyMCUyMCUwRCUwQSUzQyUyRmRpdiUzRSUwRCUwQQ==[\/vc_raw_html][vc_column_text css=&#8221;&#8221;]<\/p>\n<div class=\"one withsmallpadding \" style=\"padding: 30px 0 30px 0;\">\n<div class=\"page_content_wrapper\">\n<div style=\"text-align: center;\">\n<p>Les \u00e9changes scolaires, outre leur aspect \u00e9conomique, repr\u00e9sentent une belle opportunit\u00e9 pour vos \u00e9l\u00e8ves qui pourront se familiariser avec une nouvelle langue et culture et faire le lien avec les notions \u00e9tudi\u00e9es en classe.<\/p>\n<p>&nbsp;<\/p>\n<h3 class=\"ppb_title\">Dur\u00e9e<\/h3>\n<p>Les \u00e9changes scolaires durent g\u00e9n\u00e9ralement <b>une dizaine de jours<\/b> afin de permettre aux \u00e9l\u00e8ves de s\u2019impr\u00e9gner au mieux de la culture am\u00e9ricaine. Les \u00e9tablissements fran\u00e7ais voyagent souvent \u00e0 l\u2019automne et accueillent leur partenaire am\u00e9ricain au printemps<\/div>\n<\/div>\n<\/div>\n<p>[\/vc_column_text][\/vc_column][\/vc_row][vc_row full_width=&#8221;stretch_row_content_no_spaces&#8221; full_height=&#8221;yes&#8221;][vc_column][vc_column_text css=&#8221;&#8221;]<\/p>\n<div class=\"one withsmallpadding \" style=\"padding: 30px 0 30px 0;\">\n<div class=\"page_content_wrapper\">\n<div style=\"text-align: center;\">\n<h3 class=\"ppb_title\">Nos principales destinations<\/h3>\n<p>Nous travaillons avec des \u00e9tablissements de nombreux \u00e9tats des USA parmi lesquels le Massachusetts, la Californie, la G\u00e9orgie, l\u2019Illinois, la Floride, la Louisiane\u2026<\/p>\n<p>&nbsp;<\/p><\/div>\n<\/div>\n<div class=\"ppb_tour one withpadding nopadding \">\n<div class=\"page_content_wrapper full_width\" style=\"text-align: center;\">\n<div class=\"portfolio_filter_wrapper three_cols fullwidth shortcode gallery section content clearfix\">\n<div class=\"element portfolio3filter_wrapper\">\n<div class=\"one_third gallery3 filterable gallery_type animated1\">\n<p><a href=\"https:\/\/prometour.eu\/fr\/tours\/massachusetts\/\"><img decoding=\"async\" src=\"https:\/\/prometour.eu\/wp-content\/uploads\/2025\/02\/New-York-City-Statue-de-la-Liberte-560x460.jpg\" alt=\"\" \/><\/a><\/p>\n<div class=\"thumb_content fullwidth \">\n<div class=\"thumb_title\">\n<div class=\"tour_country\">\u00c9CHANGES SCOLAIRES<\/div>\n<h3>\u00c9change au Massachusetts<\/h3>\n<\/div>\n<div class=\"thumb_meta\">\n<div class=\"tour_days\">12 Days<\/div>\n<\/div>\n<\/div>\n<p>&nbsp;<\/p><\/div>\n<\/div>\n<div class=\"element portfolio3filter_wrapper\">\n<div class=\"one_third gallery3 filterable gallery_type animated2\">\n<p><a href=\"https:\/\/prometour.eu\/fr\/tours\/echange-scolaire\/\"><img decoding=\"async\" src=\"https:\/\/prometour.eu\/wp-content\/uploads\/2025\/02\/Atlanta-Skyline-2-560x460.jpg\" alt=\"\" \/><\/a><\/p>\n<div class=\"thumb_content fullwidth \">\n<div class=\"thumb_title\">\n<div class=\"tour_country\">\u00c9CHANGES SCOLAIRES<\/div>\n<h3>\u00c9change en G\u00e9orgie<\/h3>\n<\/div>\n<div class=\"thumb_meta\">\n<div class=\"tour_days\">11 Days<\/div>\n<\/div>\n<\/div>\n<p>&nbsp;<\/p><\/div>\n<\/div>\n<div class=\"element portfolio3filter_wrapper\">\n<div class=\"one_third gallery3 filterable gallery_type animated3\">\n<p><a href=\"https:\/\/prometour.eu\/fr\/tours\/echange-au-massachusetts\/\"><img decoding=\"async\" src=\"https:\/\/prometour.eu\/wp-content\/uploads\/2025\/02\/Grand-Canyon-560x460.jpg\" alt=\"\" \/><\/a><\/p>\n<div class=\"thumb_content fullwidth \">\n<div class=\"thumb_title\">\n<div class=\"tour_country\">\u00c9CHANGES SCOLAIRES<\/div>\n<h3>\u00c9change en Arizona<\/h3>\n<\/div>\n<div class=\"thumb_meta\">\n<div class=\"tour_days\">12 Days<\/div>\n<\/div>\n<\/div>\n<p>&nbsp;<\/p><\/div>\n<\/div>\n<div class=\"element portfolio3filter_wrapper\">\n<div class=\"one_third gallery3 filterable gallery_type animated4\">\n<p><a href=\"https:\/\/prometour.eu\/fr\/tours\/echange-simple\/\"><img decoding=\"async\" src=\"https:\/\/prometour.eu\/wp-content\/uploads\/2025\/02\/Drapeau-USA-560x460.jpg\" alt=\"\" \/><\/a><\/p>\n<div class=\"thumb_content fullwidth \">\n<div class=\"thumb_title\">\n<div class=\"tour_country\">\u00c9CHANGES SCOLAIRES<\/div>\n<h3>\u00c9change simple<\/h3>\n<\/div>\n<div class=\"thumb_meta\">\n<div class=\"tour_days\">11 Days<\/div>\n<\/div>\n<\/div>\n<p>&nbsp;<\/p><\/div>\n<\/div>\n<div class=\"element portfolio3filter_wrapper\">\n<div class=\"one_third gallery3 filterable gallery_type animated5\">\n<p><a href=\"https:\/\/prometour.eu\/fr\/tours\/echange-en-louisiane\/\"><img decoding=\"async\" src=\"https:\/\/prometour.eu\/wp-content\/uploads\/2025\/02\/New-Orleans-St-Louis-Cathedral1-560x460.jpg\" alt=\"\" \/><\/a><\/p>\n<div class=\"thumb_content fullwidth \">\n<div class=\"thumb_title\">\n<div class=\"tour_country\">\u00c9CHANGES SCOLAIRES<\/div>\n<h3>\u00c9change en Louisiane<\/h3>\n<\/div>\n<div class=\"thumb_meta\">\n<div class=\"tour_days\">12 Days<\/div>\n<\/div>\n<\/div>\n<p>&nbsp;<\/p><\/div>\n<\/div>\n<\/div>\n<\/div>\n<\/div>\n<div class=\"one withsmallpadding \" style=\"padding: 30px 0 30px 0;\">\n<div class=\"page_content_wrapper\">\n<div style=\"text-align: center;\">\n<h3 class=\"ppb_title\">Services inclus<\/h3>\n<p>Tous les <b>services mentionn\u00e9s dans la proposition d\u2019itin\u00e9raire<\/b> sont inclus dans le prix du voyage.<\/div>\n<\/div>\n<\/div>\n<\/div>\n<p>[\/vc_column_text][vc_raw_html css=&#8221;&#8221;]JTNDJTIxLS0lMjBSb3clMjAxJTNBJTIwVm9sJTJDJTIwQnVzJTJDJTIwQWN0aXZpdCVDMyVBOXMlMjAtLSUzRSUwRCUwQSUzQ2RpdiUyMGNsYXNzJTNEJTIyb25lJTIwd2l0aHNtYWxscGFkZGluZyUyMiUyMHN0eWxlJTNEJTIycGFkZGluZy1ib3R0b20lM0ElMjAwJTNCJTIyJTNFJTBEJTBBJTIwJTIwJTIwJTIwJTNDZGl2JTIwY2xhc3MlM0QlMjJwYWdlX2NvbnRlbnRfd3JhcHBlciUyMiUyMHN0eWxlJTNEJTIydGV4dC1hbGlnbiUzQSUyMGNlbnRlciUzQiUyMiUzRSUwRCUwQSUyMCUyMCUyMCUyMCUyMCUyMCUyMCUyMCUzQ2gyJTIwY2xhc3MlM0QlMjJwcGJfdGl0bGUlMjIlM0UlM0MlMkZoMiUzRSUwRCUwQSUyMCUyMCUyMCUyMCUyMCUyMCUyMCUyMCUzQ2RpdiUyMHN0eWxlJTNEJTIyaGVpZ2h0JTNBJTIwMjBweCUzQiUyMiUzRSUzQyUyRmRpdiUzRSUwRCUwQSUwRCUwQSUyMCUyMCUyMCUyMCUyMCUyMCUyMCUyMCUzQ2RpdiUyMGNsYXNzJTNEJTIyc2VydmljZV9jb250ZW50X3dyYXBwZXIlMjIlM0UlMEQlMEElMjAlMjAlMjAlMjAlMjAlMjAlMjAlMjAlMjAlMjAlMjAlMjAlM0NkaXYlMjBjbGFzcyUzRCUyMm9uZV90aGlyZCUyMiUzRSUwRCUwQSUyMCUyMCUyMCUyMCUyMCUyMCUyMCUyMCUyMCUyMCUyMCUyMCUyMCUyMCUyMCUyMCUzQ2RpdiUyMGNsYXNzJTNEJTIyc2VydmljZV93cmFwcGVyJTIyJTNFJTBEJTBBJTIwJTIwJTIwJTIwJTIwJTIwJTIwJTIwJTIwJTIwJTIwJTIwJTIwJTIwJTIwJTIwJTIwJTIwJTIwJTIwJTNDZGl2JTIwY2xhc3MlM0QlMjJzZXJ2aWNlX2ljb24lMjIlM0UlMEQlMEElMjAlMjAlMjAlMjAlMjAlMjAlMjAlMjAlMjAlMjAlMjAlMjAlMjAlMjAlMjAlMjAlMjAlMjAlMjAlMjAlMjAlMjAlMjAlMjAlM0NpJTIwY2xhc3MlM0QlMjJmYSUyMGZhLXBsYW5lJTIyJTIwYXJpYS1oaWRkZW4lM0QlMjJ0cnVlJTIyJTNFJTNDJTJGaSUzRSUwRCUwQSUyMCUyMCUyMCUyMCUyMCUyMCUyMCUyMCUyMCUyMCUyMCUyMCUyMCUyMCUyMCUyMCUyMCUyMCUyMCUyMCUzQyUyRmRpdiUzRSUwRCUwQSUyMCUyMCUyMCUyMCUyMCUyMCUyMCUyMCUyMCUyMCUyMCUyMCUyMCUyMCUyMCUyMCUyMCUyMCUyMCUyMCUzQ2RpdiUyMGNsYXNzJTNEJTIyc2VydmljZV90aXRsZSUyMiUzRSUwRCUwQSUyMCUyMCUyMCUyMCUyMCUyMCUyMCUyMCUyMCUyMCUyMCUyMCUyMCUyMCUyMCUyMCUyMCUyMCUyMCUyMCUyMCUyMCUyMCUyMCUzQ2gzJTNFVm9sJTIwJTI2YW1wJTNCJTIwYXNzdXJhbmNlJTNDJTJGaDMlM0UlMEQlMEElMjAlMjAlMjAlMjAlMjAlMjAlMjAlMjAlMjAlMjAlMjAlMjAlMjAlMjAlMjAlMjAlMjAlMjAlMjAlMjAlMjAlMjAlMjAlMjAlM0NkaXYlMjBjbGFzcyUzRCUyMnNlcnZpY2VfY29udGVudCUyMiUzRSUwRCUwQSUyMCUyMCUyMCUyMCUyMCUyMCUyMCUyMCUyMCUyMCUyMCUyMCUyMCUyMCUyMCUyMCUyMCUyMCUyMCUyMCUyMCUyMCUyMCUyMCUyMCUyMCUyMCUyMExlJTIwcHJpeCUyMGRlcyUyMGJpbGxldHMlMjBkJTI3YXZpb24lMjBhaW5zaSUyMHF1JTI3dW5lJTIwYXNzdXJhbmNlJTIwYW5udWxhdGlvbiUyMHBvdXIlMjBwYWxsaWVyJTIwdG91dCUyMGltcHIlQzMlQTl2dSUyMGV0JTIwdW5lJTIwYXNzdXJhbmNlJTIwc2FudCVDMyVBOSUyMGRlJTIwY291dmVydHVyZSUyMG1heGltYWxlLiUwRCUwQSUyMCUyMCUyMCUyMCUyMCUyMCUyMCUyMCUyMCUyMCUyMCUyMCUyMCUyMCUyMCUyMCUyMCUyMCUyMCUyMCUyMCUyMCUyMCUyMCUzQyUyRmRpdiUzRSUwRCUwQSUyMCUyMCUyMCUyMCUyMCUyMCUyMCUyMCUyMCUyMCUyMCUyMCUyMCUyMCUyMCUyMCUyMCUyMCUyMCUyMCUzQyUyRmRpdiUzRSUwRCUwQSUyMCUyMCUyMCUyMCUyMCUyMCUyMCUyMCUyMCUyMCUyMCUyMCUyMCUyMCUyMCUyMCUzQyUyRmRpdiUzRSUwRCUwQSUyMCUyMCUyMCUyMCUyMCUyMCUyMCUyMCUyMCUyMCUyMCUyMCUzQyUyRmRpdiUzRSUwRCUwQSUwRCUwQSUyMCUyMCUyMCUyMCUyMCUyMCUyMCUyMCUyMCUyMCUyMCUyMCUzQ2RpdiUyMGNsYXNzJTNEJTIyb25lX3RoaXJkJTIyJTNFJTBEJTBBJTIwJTIwJTIwJTIwJTIwJTIwJTIwJTIwJTIwJTIwJTIwJTIwJTIwJTIwJTIwJTIwJTNDZGl2JTIwY2xhc3MlM0QlMjJzZXJ2aWNlX3dyYXBwZXIlMjIlM0UlMEQlMEElMjAlMjAlMjAlMjAlMjAlMjAlMjAlMjAlMjAlMjAlMjAlMjAlMjAlMjAlMjAlMjAlMjAlMjAlMjAlMjAlM0NkaXYlMjBjbGFzcyUzRCUyMnNlcnZpY2VfaWNvbiUyMiUzRSUwRCUwQSUyMCUyMCUyMCUyMCUyMCUyMCUyMCUyMCUyMCUyMCUyMCUyMCUyMCUyMCUyMCUyMCUyMCUyMCUyMCUyMCUyMCUyMCUyMCUyMCUzQ2klMjBjbGFzcyUzRCUyMmZhJTIwZmEtYnVzJTIyJTIwYXJpYS1oaWRkZW4lM0QlMjJ0cnVlJTIyJTNFJTNDJTJGaSUzRSUwRCUwQSUyMCUyMCUyMCUyMCUyMCUyMCUyMCUyMCUyMCUyMCUyMCUyMCUyMCUyMCUyMCUyMCUyMCUyMCUyMCUyMCUzQyUyRmRpdiUzRSUwRCUwQSUyMCUyMCUyMCUyMCUyMCUyMCUyMCUyMCUyMCUyMCUyMCUyMCUyMCUyMCUyMCUyMCUyMCUyMCUyMCUyMCUzQ2RpdiUyMGNsYXNzJTNEJTIyc2VydmljZV90aXRsZSUyMiUzRSUwRCUwQSUyMCUyMCUyMCUyMCUyMCUyMCUyMCUyMCUyMCUyMCUyMCUyMCUyMCUyMCUyMCUyMCUyMCUyMCUyMCUyMCUyMCUyMCUyMCUyMCUzQ2gzJTNFQnVzJTJDJTIwZ3VpZGVzJTIwJTI2YW1wJTNCJTIwcG91cmJvaXJlcyUzQyUyRmgzJTNFJTBEJTBBJTIwJTIwJTIwJTIwJTIwJTIwJTIwJTIwJTIwJTIwJTIwJTIwJTIwJTIwJTIwJTIwJTIwJTIwJTIwJTIwJTIwJTIwJTIwJTIwJTNDZGl2JTIwY2xhc3MlM0QlMjJzZXJ2aWNlX2NvbnRlbnQlMjIlM0UlMEQlMEElMjAlMjAlMjAlMjAlMjAlMjAlMjAlMjAlMjAlMjAlMjAlMjAlMjAlMjAlMjAlMjAlMjAlMjAlMjAlMjAlMjAlMjAlMjAlMjAlMjAlMjAlMjAlMjBMZXMlMjB0cmFuc2ZlcnRzJTIwZW4lMjBidXMlMkMlMjBzZXJ2aWNlcyUyMGRlJTIwZ3VpZGVzJTIwZXQlMjBwb3VyYm9pcmVzJTIwcG91ciUyMGxlcyUyMGd1aWRlcyUyMGV0JTIwY2hhdWZmZXVycy4lMEQlMEElMjAlMjAlMjAlMjAlMjAlMjAlMjAlMjAlMjAlMjAlMjAlMjAlMjAlMjAlMjAlMjAlMjAlMjAlMjAlMjAlMjAlMjAlMjAlMjAlM0MlMkZkaXYlM0UlMEQlMEElMjAlMjAlMjAlMjAlMjAlMjAlMjAlMjAlMjAlMjAlMjAlMjAlMjAlMjAlMjAlMjAlMjAlMjAlMjAlMjAlM0MlMkZkaXYlM0UlMEQlMEElMjAlMjAlMjAlMjAlMjAlMjAlMjAlMjAlMjAlMjAlMjAlMjAlMjAlMjAlMjAlMjAlM0MlMkZkaXYlM0UlMEQlMEElMjAlMjAlMjAlMjAlMjAlMjAlMjAlMjAlMjAlMjAlMjAlMjAlM0MlMkZkaXYlM0UlMEQlMEElMEQlMEElMjAlMjAlMjAlMjAlMjAlMjAlMjAlMjAlMjAlMjAlMjAlMjAlM0NkaXYlMjBjbGFzcyUzRCUyMm9uZV90aGlyZCUyMGxhc3QlMjIlM0UlMEQlMEElMjAlMjAlMjAlMjAlMjAlMjAlMjAlMjAlMjAlMjAlMjAlMjAlMjAlMjAlMjAlMjAlM0NkaXYlMjBjbGFzcyUzRCUyMnNlcnZpY2Vfd3JhcHBlciUyMiUzRSUwRCUwQSUyMCUyMCUyMCUyMCUyMCUyMCUyMCUyMCUyMCUyMCUyMCUyMCUyMCUyMCUyMCUyMCUyMCUyMCUyMCUyMCUzQ2RpdiUyMGNsYXNzJTNEJTIyc2VydmljZV9pY29uJTIyJTNFJTBEJTBBJTIwJTIwJTIwJTIwJTIwJTIwJTIwJTIwJTIwJTIwJTIwJTIwJTIwJTIwJTIwJTIwJTIwJTIwJTIwJTIwJTIwJTIwJTIwJTIwJTNDaSUyMGNsYXNzJTNEJTIyZmElMjBmYS1ob3RlbCUyMiUyMGFyaWEtaGlkZGVuJTNEJTIydHJ1ZSUyMiUzRSUzQyUyRmklM0UlMEQlMEElMjAlMjAlMjAlMjAlMjAlMjAlMjAlMjAlMjAlMjAlMjAlMjAlMjAlMjAlMjAlMjAlMjAlMjAlMjAlMjAlM0MlMkZkaXYlM0UlMEQlMEElMjAlMjAlMjAlMjAlMjAlMjAlMjAlMjAlMjAlMjAlMjAlMjAlMjAlMjAlMjAlMjAlMjAlMjAlMjAlMjAlM0NkaXYlMjBjbGFzcyUzRCUyMnNlcnZpY2VfdGl0bGUlMjIlM0UlMEQlMEElMjAlMjAlMjAlMjAlMjAlMjAlMjAlMjAlMjAlMjAlMjAlMjAlMjAlMjAlMjAlMjAlMjAlMjAlMjAlMjAlMjAlMjAlMjAlMjAlM0NoMyUzRUFjdGl2aXQlQzMlQTlzJTJDJTIwaCVDMyVCNHRlbHMlMjAlMjZhbXAlM0IlMjByZXN0YXVyYW50cyUzQyUyRmgzJTNFJTBEJTBBJTIwJTIwJTIwJTIwJTIwJTIwJTIwJTIwJTIwJTIwJTIwJTIwJTIwJTIwJTIwJTIwJTIwJTIwJTIwJTIwJTIwJTIwJTIwJTIwJTNDZGl2JTIwY2xhc3MlM0QlMjJzZXJ2aWNlX2NvbnRlbnQlMjIlM0UlMEQlMEElMjAlMjAlMjAlMjAlMjAlMjAlMjAlMjAlMjAlMjAlMjAlMjAlMjAlMjAlMjAlMjAlMjAlMjAlMjAlMjAlMjAlMjAlMjAlMjAlMjAlMjAlMjAlMjBMZXMlMjBhY3Rpdml0JUMzJUE5cyUyMGV0JTIwJUMzJUE5dmVudHVlbHMlMjBoJUMzJUI0dGVscyUyMGV0JTIwcmVzdGF1cmFudHMlMjBxdWUlMjB2b3VzJTIwY2hvaXNpc3NleiUyMGQlMjdpbmNsdXJlJTIwZGFucyUyMGxlJTIwZGV2aXMuJTBEJTBBJTIwJTIwJTIwJTIwJTIwJTIwJTIwJTIwJTIwJTIwJTIwJTIwJTIwJTIwJTIwJTIwJTIwJTIwJTIwJTIwJTIwJTIwJTIwJTIwJTNDJTJGZGl2JTNFJTBEJTBBJTIwJTIwJTIwJTIwJTIwJTIwJTIwJTIwJTIwJTIwJTIwJTIwJTIwJTIwJTIwJTIwJTIwJTIwJTIwJTIwJTNDJTJGZGl2JTNFJTBEJTBBJTIwJTIwJTIwJTIwJTIwJTIwJTIwJTIwJTIwJTIwJTIwJTIwJTIwJTIwJTIwJTIwJTNDJTJGZGl2JTNFJTBEJTBBJTIwJTIwJTIwJTIwJTIwJTIwJTIwJTIwJTIwJTIwJTIwJTIwJTNDJTJGZGl2JTNFJTBEJTBBJTIwJTIwJTIwJTIwJTIwJTIwJTIwJTIwJTNDJTJGZGl2JTNFJTBEJTBBJTBEJTBBJTIwJTIwJTIwJTIwJTNDJTJGZGl2JTNFJTBEJTBBJTNDJTJGZGl2JTNFJTBEJTBBJTBEJTBBJTNDJTIxLS0lMjBDZW50ZXIlMjBpbmZvJTIwYmxvY2slMjAtLSUzRSUwRCUwQSUzQ2RpdiUyMGNsYXNzJTNEJTIyb25lJTIwd2l0aHNtYWxscGFkZGluZyUyMiUyMHN0eWxlJTNEJTIycGFkZGluZyUzQSUyMDMwcHglMjAwJTNCJTIyJTNFJTBEJTBBJTIwJTIwJTIwJTIwJTNDZGl2JTIwY2xhc3MlM0QlMjJwYWdlX2NvbnRlbnRfd3JhcHBlciUyMiUzRSUwRCUwQSUyMCUyMCUyMCUyMCUyMCUyMCUyMCUyMCUzQ2RpdiUyMHN0eWxlJTNEJTIydGV4dC1hbGlnbiUzQSUyMGNlbnRlciUzQiUyMiUzRSUwRCUwQSUyMCUyMCUyMCUyMCUyMCUyMCUyMCUyMCUyMCUyMCUyMCUyMCUzQ2gzJTIwY2xhc3MlM0QlMjJwcGJfdGl0bGUlMjIlM0VPcmdhbmlzZXIlMjB1biUyMCVDMyVBOWNoYW5nZSUyMGF2ZWMlMjBQcm9tJUMzJUE5dG91ciUzQyUyRmgzJTNFJTBEJTBBJTIwJTIwJTIwJTIwJTIwJTIwJTIwJTIwJTIwJTIwJTIwJTIwVm91cyUyMGIlQzMlQTluJUMzJUE5ZmljaWVyZXolMjBkZSUyMGwlRTIlODAlOTlleHBlcnRpc2UlMjBkZSUyMGwlRTIlODAlOTklQzMlQTlxdWlwZSUyMFByb20lQzMlQTl0b3VyJTJDJTIwZm9ydGUlMjBkZSUyMCUzQ2IlM0UzMCUyMGFucyUyMGQlRTIlODAlOTlleHAlQzMlQTlyaWVuY2UlM0MlMkZiJTNFJTIwZGFucyUyMGwlRTIlODAlOTlvcmdhbmlzYXRpb24lMjBkJUUyJTgwJTk5JUMzJUE5Y2hhbmdlcy4lMEQlMEElMjAlMjAlMjAlMjAlMjAlMjAlMjAlMjAlM0MlMkZkaXYlM0UlMEQlMEElMjAlMjAlMjAlMjAlM0MlMkZkaXYlM0UlMEQlMEElM0MlMkZkaXYlM0UlMEQlMEElMEQlMEElM0MlMjEtLSUyMFJvdyUyMDIlM0ElMjBTZXJ2aWNlJTIwc3VyJTIwbWVzdXJlJTJDJTIwUGFydGVuYXJpYXQlMkMlMjBBc3Npc3RhbmNlJTIwLS0lM0UlMEQlMEElM0NkaXYlMjBjbGFzcyUzRCUyMm9uZSUyMHdpdGhzbWFsbHBhZGRpbmclMjIlMjBzdHlsZSUzRCUyMnBhZGRpbmctYm90dG9tJTNBJTIwMCUzQiUyMiUzRSUwRCUwQSUyMCUyMCUyMCUyMCUzQ2RpdiUyMGNsYXNzJTNEJTIycGFnZV9jb250ZW50X3dyYXBwZXIlMjIlMjBzdHlsZSUzRCUyMnRleHQtYWxpZ24lM0ElMjBjZW50ZXIlM0IlMjIlM0UlMEQlMEElMjAlMjAlMjAlMjAlMjAlMjAlMjAlMjAlM0NkaXYlMjBzdHlsZSUzRCUyMmhlaWdodCUzQSUyMDIwcHglM0IlMjIlM0UlM0MlMkZkaXYlM0UlMEQlMEElMEQlMEElMjAlMjAlMjAlMjAlMjAlMjAlMjAlMjAlM0NkaXYlMjBjbGFzcyUzRCUyMnNlcnZpY2VfY29udGVudF93cmFwcGVyJTIyJTNFJTBEJTBBJTIwJTIwJTIwJTIwJTIwJTIwJTIwJTIwJTIwJTIwJTIwJTIwJTNDZGl2JTIwY2xhc3MlM0QlMjJvbmVfdGhpcmQlMjIlM0UlMEQlMEElMjAlMjAlMjAlMjAlMjAlMjAlMjAlMjAlMjAlMjAlMjAlMjAlMjAlMjAlMjAlMjAlM0NkaXYlMjBjbGFzcyUzRCUyMnNlcnZpY2Vfd3JhcHBlciUyMiUzRSUwRCUwQSUyMCUyMCUyMCUyMCUyMCUyMCUyMCUyMCUyMCUyMCUyMCUyMCUyMCUyMCUyMCUyMCUyMCUyMCUyMCUyMCUzQ2RpdiUyMGNsYXNzJTNEJTIyc2VydmljZV9pY29uJTIyJTNFJTBEJTBBJTIwJTIwJTIwJTIwJTIwJTIwJTIwJTIwJTIwJTIwJTIwJTIwJTIwJTIwJTIwJTIwJTIwJTIwJTIwJTIwJTIwJTIwJTIwJTIwJTNDaSUyMGNsYXNzJTNEJTIyZmElMjBmYS1saXN0JTIyJTIwYXJpYS1oaWRkZW4lM0QlMjJ0cnVlJTIyJTNFJTNDJTJGaSUzRSUwRCUwQSUyMCUyMCUyMCUyMCUyMCUyMCUyMCUyMCUyMCUyMCUyMCUyMCUyMCUyMCUyMCUyMCUyMCUyMCUyMCUyMCUzQyUyRmRpdiUzRSUwRCUwQSUyMCUyMCUyMCUyMCUyMCUyMCUyMCUyMCUyMCUyMCUyMCUyMCUyMCUyMCUyMCUyMCUyMCUyMCUyMCUyMCUzQ2RpdiUyMGNsYXNzJTNEJTIyc2VydmljZV90aXRsZSUyMiUzRSUwRCUwQSUyMCUyMCUyMCUyMCUyMCUyMCUyMCUyMCUyMCUyMCUyMCUyMCUyMCUyMCUyMCUyMCUyMCUyMCUyMCUyMCUyMCUyMCUyMCUyMCUzQ2gzJTNFU2VydmljZSUyMHN1ciUyMG1lc3VyZSUzQyUyRmgzJTNFJTBEJTBBJTIwJTIwJTIwJTIwJTIwJTIwJTIwJTIwJTIwJTIwJTIwJTIwJTIwJTIwJTIwJTIwJTIwJTIwJTIwJTIwJTIwJTIwJTIwJTIwJTNDZGl2JTIwY2xhc3MlM0QlMjJzZXJ2aWNlX2NvbnRlbnQlMjIlM0UlMEQlMEElMjAlMjAlMjAlMjAlMjAlMjAlMjAlMjAlMjAlMjAlMjAlMjAlMjAlMjAlMjAlMjAlMjAlMjAlMjAlMjAlMjAlMjAlMjAlMjAlMjAlMjAlMjAlMjBOb3MlMjBwcm9ncmFtbWVzJTIwciVDMyVBOXBvbmRlbnQlMjAlQzMlQTAlMjB2b3MlMjBhdHRlbnRlcyUyMGV0JTIwYmVzb2lucy4lMjBMJTI3aXRpbiVDMyVBOXJhaXJlJTIwZGUlMjB2b3lhZ2UlMjBlc3QlMjBjciVDMyVBOSVDMyVBOSUyMGV0JTIwYWRhcHQlQzMlQTklMjBzZWxvbiUyMHZvcyUyMGVudmllcy4lMEQlMEElMjAlMjAlMjAlMjAlMjAlMjAlMjAlMjAlMjAlMjAlMjAlMjAlMjAlMjAlMjAlMjAlMjAlMjAlMjAlMjAlMjAlMjAlMjAlMjAlM0MlMkZkaXYlM0UlMEQlMEElMjAlMjAlMjAlMjAlMjAlMjAlMjAlMjAlMjAlMjAlMjAlMjAlMjAlMjAlMjAlMjAlMjAlMjAlMjAlMjAlM0MlMkZkaXYlM0UlMEQlMEElMjAlMjAlMjAlMjAlMjAlMjAlMjAlMjAlMjAlMjAlMjAlMjAlMjAlMjAlMjAlMjAlM0MlMkZkaXYlM0UlMEQlMEElMjAlMjAlMjAlMjAlMjAlMjAlMjAlMjAlMjAlMjAlMjAlMjAlM0MlMkZkaXYlM0UlMEQlMEElMEQlMEElMjAlMjAlMjAlMjAlMjAlMjAlMjAlMjAlMjAlMjAlMjAlMjAlM0NkaXYlMjBjbGFzcyUzRCUyMm9uZV90aGlyZCUyMiUzRSUwRCUwQSUyMCUyMCUyMCUyMCUyMCUyMCUyMCUyMCUyMCUyMCUyMCUyMCUyMCUyMCUyMCUyMCUzQ2RpdiUyMGNsYXNzJTNEJTIyc2VydmljZV93cmFwcGVyJTIyJTNFJTBEJTBBJTIwJTIwJTIwJTIwJTIwJTIwJTIwJTIwJTIwJTIwJTIwJTIwJTIwJTIwJTIwJTIwJTIwJTIwJTIwJTIwJTNDZGl2JTIwY2xhc3MlM0QlMjJzZXJ2aWNlX2ljb24lMjIlM0UlMEQlMEElMjAlMjAlMjAlMjAlMjAlMjAlMjAlMjAlMjAlMjAlMjAlMjAlMjAlMjAlMjAlMjAlMjAlMjAlMjAlMjAlMjAlMjAlMjAlMjAlM0NpJTIwY2xhc3MlM0QlMjJmYSUyMGZhLXNlYXJjaCUyMiUyMGFyaWEtaGlkZGVuJTNEJTIydHJ1ZSUyMiUzRSUzQyUyRmklM0UlMEQlMEElMjAlMjAlMjAlMjAlMjAlMjAlMjAlMjAlMjAlMjAlMjAlMjAlMjAlMjAlMjAlMjAlMjAlMjAlMjAlMjAlM0MlMkZkaXYlM0UlMEQlMEElMjAlMjAlMjAlMjAlMjAlMjAlMjAlMjAlMjAlMjAlMjAlMjAlMjAlMjAlMjAlMjAlMjAlMjAlMjAlMjAlM0NkaXYlMjBjbGFzcyUzRCUyMnNlcnZpY2VfdGl0bGUlMjIlM0UlMEQlMEElMjAlMjAlMjAlMjAlMjAlMjAlMjAlMjAlMjAlMjAlMjAlMjAlMjAlMjAlMjAlMjAlMjAlMjAlMjAlMjAlMjAlMjAlMjAlMjAlM0NoMyUzRVBhcnRlbmFyaWF0JTIwcGVyc29ubmFsaXMlQzMlQTklM0MlMkZoMyUzRSUwRCUwQSUyMCUyMCUyMCUyMCUyMCUyMCUyMCUyMCUyMCUyMCUyMCUyMCUyMCUyMCUyMCUyMCUyMCUyMCUyMCUyMCUyMCUyMCUyMCUyMCUzQ2RpdiUyMGNsYXNzJTNEJTIyc2VydmljZV9jb250ZW50JTIyJTNFJTBEJTBBJTIwJTIwJTIwJTIwJTIwJTIwJTIwJTIwJTIwJTIwJTIwJTIwJTIwJTIwJTIwJTIwJTIwJTIwJTIwJTIwJTIwJTIwJTIwJTIwJTIwJTIwJTIwJTIwTm91cyUyMHJlY2hlcmNob25zJTIwdW4lMjBncm91cGUlMjBkJUUyJTgwJTk5JUMzJUE5dHVkaWFudHMlMjAlQzMlQTl0cmFuZ2VycyUyMGRvbnQlMjBsZSUyMHByb2ZpbCUyMGVzdCUyMHNpbWlsYWlyZSUyMCVDMyVBMCUyMGNlbHVpJTIwZGUlMjB2b3RyZSUyMGdyb3VwZS4lMEQlMEElMjAlMjAlMjAlMjAlMjAlMjAlMjAlMjAlMjAlMjAlMjAlMjAlMjAlMjAlMjAlMjAlMjAlMjAlMjAlMjAlMjAlMjAlMjAlMjAlM0MlMkZkaXYlM0UlMEQlMEElMjAlMjAlMjAlMjAlMjAlMjAlMjAlMjAlMjAlMjAlMjAlMjAlMjAlMjAlMjAlMjAlMjAlMjAlMjAlMjAlM0MlMkZkaXYlM0UlMEQlMEElMjAlMjAlMjAlMjAlMjAlMjAlMjAlMjAlMjAlMjAlMjAlMjAlMjAlMjAlMjAlMjAlM0MlMkZkaXYlM0UlMEQlMEElMjAlMjAlMjAlMjAlMjAlMjAlMjAlMjAlMjAlMjAlMjAlMjAlM0MlMkZkaXYlM0UlMEQlMEElMEQlMEElMjAlMjAlMjAlMjAlMjAlMjAlMjAlMjAlMjAlMjAlMjAlMjAlM0NkaXYlMjBjbGFzcyUzRCUyMm9uZV90aGlyZCUyMGxhc3QlMjIlM0UlMEQlMEElMjAlMjAlMjAlMjAlMjAlMjAlMjAlMjAlMjAlMjAlMjAlMjAlMjAlMjAlMjAlMjAlM0NkaXYlMjBjbGFzcyUzRCUyMnNlcnZpY2Vfd3JhcHBlciUyMiUzRSUwRCUwQSUyMCUyMCUyMCUyMCUyMCUyMCUyMCUyMCUyMCUyMCUyMCUyMCUyMCUyMCUyMCUyMCUyMCUyMCUyMCUyMCUzQ2RpdiUyMGNsYXNzJTNEJTIyc2VydmljZV9pY29uJTIyJTNFJTBEJTBBJTIwJTIwJTIwJTIwJTIwJTIwJTIwJTIwJTIwJTIwJTIwJTIwJTIwJTIwJTIwJTIwJTIwJTIwJTIwJTIwJTIwJTIwJTIwJTIwJTNDaSUyMGNsYXNzJTNEJTIyZmElMjBmYS12b2x1bWUtY29udHJvbC1waG9uZSUyMiUyMGFyaWEtaGlkZGVuJTNEJTIydHJ1ZSUyMiUzRSUzQyUyRmklM0UlMEQlMEElMjAlMjAlMjAlMjAlMjAlMjAlMjAlMjAlMjAlMjAlMjAlMjAlMjAlMjAlMjAlMjAlMjAlMjAlMjAlMjAlM0MlMkZkaXYlM0UlMEQlMEElMjAlMjAlMjAlMjAlMjAlMjAlMjAlMjAlMjAlMjAlMjAlMjAlMjAlMjAlMjAlMjAlMjAlMjAlMjAlMjAlM0NkaXYlMjBjbGFzcyUzRCUyMnNlcnZpY2VfdGl0bGUlMjIlM0UlMEQlMEElMjAlMjAlMjAlMjAlMjAlMjAlMjAlMjAlMjAlMjAlMjAlMjAlMjAlMjAlMjAlMjAlMjAlMjAlMjAlMjAlMjAlMjAlMjAlMjAlM0NoMyUzRUFzc2lzdGFuY2UlM0MlMkZoMyUzRSUwRCUwQSUyMCUyMCUyMCUyMCUyMCUyMCUyMCUyMCUyMCUyMCUyMCUyMCUyMCUyMCUyMCUyMCUyMCUyMCUyMCUyMCUyMCUyMCUyMCUyMCUzQ2RpdiUyMGNsYXNzJTNEJTIyc2VydmljZV9jb250ZW50JTIyJTNFJTBEJTBBJTIwJTIwJTIwJTIwJTIwJTIwJTIwJTIwJTIwJTIwJTIwJTIwJTIwJTIwJTIwJTIwJTIwJTIwJTIwJTIwJTIwJTIwJTIwJTIwJTIwJTIwJTIwJTIwTm90cmUlMjAlQzMlQTlxdWlwZSUyMHZvdXMlMjBhY2NvbXBhZ25lJTIwdG91dCUyMGF1JTIwbG9uZyUyMGR1JTIwcHJvY2Vzc3VzJTIwZGUlMjBwciVDMyVBOXBhcmF0aW9uJTIwYWluc2klMjBxdWUlMjBsb3JzJTIwZGUlMjB2b3RyZSUyMHZveWFnZS4lMEQlMEElMjAlMjAlMjAlMjAlMjAlMjAlMjAlMjAlMjAlMjAlMjAlMjAlMjAlMjAlMjAlMjAlMjAlMjAlMjAlMjAlMjAlMjAlMjAlMjAlM0MlMkZkaXYlM0UlMEQlMEElMjAlMjAlMjAlMjAlMjAlMjAlMjAlMjAlMjAlMjAlMjAlMjAlMjAlMjAlMjAlMjAlMjAlMjAlMjAlMjAlM0MlMkZkaXYlM0UlMEQlMEElMjAlMjAlMjAlMjAlMjAlMjAlMjAlMjAlMjAlMjAlMjAlMjAlMjAlMjAlMjAlMjAlM0MlMkZkaXYlM0UlMEQlMEElMjAlMjAlMjAlMjAlMjAlMjAlMjAlMjAlMjAlMjAlMjAlMjAlM0MlMkZkaXYlM0UlMEQlMEElMjAlMjAlMjAlMjAlMjAlMjAlMjAlMjAlM0MlMkZkaXYlM0UlMEQlMEElMEQlMEElMjAlMjAlMjAlMjAlM0MlMkZkaXYlM0UlMEQlMEElM0MlMkZkaXYlM0UlMEQlMEE=[\/vc_raw_html][\/vc_column][\/vc_row]<\/p>\n<\/div>","protected":false},"excerpt":{"rendered":"<p>[vc_row full_width=&#8221;stretch_row_content&#8221; css=&#8221;.vc_custom_1764164266629{margin-top: -40px !important;}&#8221;][vc_column parallax=&#8221;content-moving&#8221; parallax_image=&#8221;8401&#8243; el_class=&#8221;background-overlay&#8221; css=&#8221;.vc_custom_1765969833997{padding-top: 100px !important;padding-bottom: 100px !important;}&#8221;][vc_row_inner content_placement=&#8221;middle&#8221;][vc_column_inner el_class=&#8221;theme-white-typo&#8221; width=&#8221;1\/2&#8243; css=&#8221;.vc_custom_1763540590853{margin-left: 75px !important;}&#8221;][vc_column_text css=&#8221;.vc_custom_1765969929761{padding-top: 50px !important;padding-bottom: 50px !important;}&#8221;] Le Programme Nous vous mettons en relation avec une \u00e9cole partenaire aux \u00c9tats-Unis. Vous et vos \u00e9l\u00e8ves voyagez aux USA pour visiter [&hellip;]<\/p>\n","protected":false},"author":15,"featured_media":0,"parent":0,"menu_order":0,"comment_status":"closed","ping_status":"closed","template":"","meta":{"footnotes":""},"class_list":["post-8427","page","type-page","status-publish","hentry"],"_links":{"self":[{"href":"https:\/\/prometour.eu\/fr\/wp-json\/wp\/v2\/pages\/8427","targetHints":{"allow":["GET"]}}],"collection":[{"href":"https:\/\/prometour.eu\/fr\/wp-json\/wp\/v2\/pages"}],"about":[{"href":"https:\/\/prometour.eu\/fr\/wp-json\/wp\/v2\/types\/page"}],"author":[{"embeddable":true,"href":"https:\/\/prometour.eu\/fr\/wp-json\/wp\/v2\/users\/15"}],"replies":[{"embeddable":true,"href":"https:\/\/prometour.eu\/fr\/wp-json\/wp\/v2\/comments?post=8427"}],"version-history":[{"count":1,"href":"https:\/\/prometour.eu\/fr\/wp-json\/wp\/v2\/pages\/8427\/revisions"}],"predecessor-version":[{"id":8428,"href":"https:\/\/prometour.eu\/fr\/wp-json\/wp\/v2\/pages\/8427\/revisions\/8428"}],"wp:attachment":[{"href":"https:\/\/prometour.eu\/fr\/wp-json\/wp\/v2\/media?parent=8427"}],"curies":[{"name":"wp","href":"https:\/\/api.w.org\/{rel}","templated":true}]}}